{"id":15396,"date":"2023-11-04T02:19:22","date_gmt":"2023-11-04T01:19:22","guid":{"rendered":"http:\/\/innocentiemangonipiante.it\/pieris-japonica-flaming-silver\/"},"modified":"2023-11-06T19:30:18","modified_gmt":"2023-11-06T18:30:18","slug":"pieris-japonica-flaming-silver","status":"publish","type":"product","link":"https:\/\/innocentiemangonipiante.it\/de\/pieris-japonica-flaming-silver\/","title":{"rendered":"PIERIS japonica &#8218;Flaming Silver&#8216;"},"content":{"rendered":"<p>Kleiner aufrechter immergr\u00fcner Strauch. Die Bl\u00e4tter sind beim Austrieb leuchtend rot, werden dann gr\u00fcn und weisen sp\u00e4ter einen wei\u00df-silbrigen Rand auf. Er bringt cremewei\u00dfe glockenf\u00f6rmige Bl\u00fcten in Rispen hervor.<\/p>\n","protected":false},"excerpt":{"rendered":"<p>Kleiner aufrechter immergr\u00fcner Strauch. Die Bl\u00e4tter sind beim Austrieb leuchtend rot, werden dann gr\u00fcn und weisen sp\u00e4ter einen wei\u00df-silbrigen Rand auf. Er bringt cremewei\u00dfe glockenf\u00f6rmige Bl\u00fcten in Rispen hervor.<\/p>\n","protected":false},"featured_media":4550,"template":"","meta":{"_acf_changed":false},"product_brand":[],"product_cat":[8816],"product_tag":[10898],"class_list":{"0":"post-15396","1":"product","2":"type-product","3":"status-publish","4":"has-post-thumbnail","6":"product_cat-hartnaeckige-baeume-und-straeucher","7":"product_tag-naturlichen","8":"pa_altezza-massima-100-de","9":"pa_altezza-massima-150-de","10":"pa_colore-delle-foglie-vielfaeltigen","11":"pa_colore-fioritura-weis","12":"pa_condizionamento-clt-de","13":"pa_famiglia-ericaceae-de","14":"pa_genere-pieris-de","15":"pa_inquinamento-bestaendigkeit-gegen-smog","16":"pa_origine-holland-de","17":"pa_periodo-fioritura-maerz","18":"pa_portamento-eretto-de","19":"pa_resistenza-climatica-sehr-hoch","20":"pa_utilizzo-kleine-gaerten","22":"first","23":"instock","24":"purchasable","25":"product-type-simple"},"acf":[],"_links":{"self":[{"href":"https:\/\/innocentiemangonipiante.it\/de\/wp-json\/wp\/v2\/product\/15396","targetHints":{"allow":["GET"]}}],"collection":[{"href":"https:\/\/innocentiemangonipiante.it\/de\/wp-json\/wp\/v2\/product"}],"about":[{"href":"https:\/\/innocentiemangonipiante.it\/de\/wp-json\/wp\/v2\/types\/product"}],"wp:featuredmedia":[{"embeddable":true,"href":"https:\/\/innocentiemangonipiante.it\/de\/wp-json\/wp\/v2\/media\/4550"}],"wp:attachment":[{"href":"https:\/\/innocentiemangonipiante.it\/de\/wp-json\/wp\/v2\/media?parent=15396"}],"wp:term":[{"taxonomy":"product_brand","embeddable":true,"href":"https:\/\/innocentiemangonipiante.it\/de\/wp-json\/wp\/v2\/product_brand?post=15396"},{"taxonomy":"product_cat","embeddable":true,"href":"https:\/\/innocentiemangonipiante.it\/de\/wp-json\/wp\/v2\/product_cat?post=15396"},{"taxonomy":"product_tag","embeddable":true,"href":"https:\/\/innocentiemangonipiante.it\/de\/wp-json\/wp\/v2\/product_tag?post=15396"}],"curies":[{"name":"wp","href":"https:\/\/api.w.org\/{rel}","templated":true}]}}