{"id":15399,"date":"2023-11-04T02:25:07","date_gmt":"2023-11-04T01:25:07","guid":{"rendered":"http:\/\/innocentiemangonipiante.it\/pinus-sylvestris-watereri\/"},"modified":"2023-11-06T19:35:00","modified_gmt":"2023-11-06T18:35:00","slug":"pinus-sylvestris-watereri","status":"publish","type":"product","link":"https:\/\/innocentiemangonipiante.it\/de\/pinus-sylvestris-watereri\/","title":{"rendered":"PINUS sylvestris &#8218;Watereri&#8216;"},"content":{"rendered":"<p>Buschartiger unregelm\u00e4\u00dfig rundlicher Nadelbaum, sehr dicht und kompakt. Grau-blaue Nadeln mit stahlfarbenen T\u00f6nungen.<\/p>\n","protected":false},"excerpt":{"rendered":"<p>Buschartiger unregelm\u00e4\u00dfig rundlicher Nadelbaum, sehr dicht und kompakt. Grau-blaue Nadeln mit stahlfarbenen T\u00f6nungen.<\/p>\n","protected":false},"featured_media":4665,"template":"","meta":{"_acf_changed":false},"product_brand":[],"product_cat":[8825],"product_tag":[10898,6251,8736,8565,8498,8717],"class_list":{"0":"post-15399","1":"product","2":"type-product","3":"status-publish","4":"has-post-thumbnail","6":"product_cat-koniferen","7":"product_tag-naturlichen","8":"product_tag-bonsai-de","9":"product_tag-fusstamm","10":"product_tag-halbstamm","11":"product_tag-mehrstammig-mit-schirmformiger-krone","12":"product_tag-pompons-de","13":"pa_altezza-massima-400-de","14":"pa_altezza-massima-600-de","15":"pa_condizionamento-clt-de","16":"pa_condizionamento-rostfarbenen-spezialtopf","17":"pa_condizionamento-deco-holztopf","18":"pa_condizionamento-jungplanzen","19":"pa_condizionamento-schale","20":"pa_famiglia-pinaceae-de","21":"pa_genere-pinus-de","22":"pa_inquinamento-bestaendigkeit-gegen-smog","23":"pa_origine-nordeuropa-de-2","24":"pa_portamento-arrotondato-de","25":"pa_resistenza-climatica-sehr-hoch","26":"pa_resistenza-del-suolo-bestandig-gegen-trockene-boden","27":"pa_salinita-bestaendigkeit-in-meeresluft","28":"pa_utilizzo-kleine-gaerten","29":"pa_utilizzo-parks-de","31":"first","32":"instock","33":"purchasable","34":"product-type-simple"},"acf":[],"_links":{"self":[{"href":"https:\/\/innocentiemangonipiante.it\/de\/wp-json\/wp\/v2\/product\/15399","targetHints":{"allow":["GET"]}}],"collection":[{"href":"https:\/\/innocentiemangonipiante.it\/de\/wp-json\/wp\/v2\/product"}],"about":[{"href":"https:\/\/innocentiemangonipiante.it\/de\/wp-json\/wp\/v2\/types\/product"}],"wp:featuredmedia":[{"embeddable":true,"href":"https:\/\/innocentiemangonipiante.it\/de\/wp-json\/wp\/v2\/media\/4665"}],"wp:attachment":[{"href":"https:\/\/innocentiemangonipiante.it\/de\/wp-json\/wp\/v2\/media?parent=15399"}],"wp:term":[{"taxonomy":"product_brand","embeddable":true,"href":"https:\/\/innocentiemangonipiante.it\/de\/wp-json\/wp\/v2\/product_brand?post=15399"},{"taxonomy":"product_cat","embeddable":true,"href":"https:\/\/innocentiemangonipiante.it\/de\/wp-json\/wp\/v2\/product_cat?post=15399"},{"taxonomy":"product_tag","embeddable":true,"href":"https:\/\/innocentiemangonipiante.it\/de\/wp-json\/wp\/v2\/product_tag?post=15399"}],"curies":[{"name":"wp","href":"https:\/\/api.w.org\/{rel}","templated":true}]}}