{"id":15400,"date":"2023-11-04T02:25:00","date_gmt":"2023-11-04T01:25:00","guid":{"rendered":"http:\/\/innocentiemangonipiante.it\/pinus-sylvestris-repens\/"},"modified":"2023-11-06T19:34:56","modified_gmt":"2023-11-06T18:34:56","slug":"pinus-sylvestris-repens","status":"publish","type":"product","link":"https:\/\/innocentiemangonipiante.it\/de\/pinus-sylvestris-repens\/","title":{"rendered":"PINUS sylvestris &#8218;Repens&#8216;"},"content":{"rendered":"<p>Ein immergr\u00fcner Zwerg Nadelbaum mit einer niedrigen und dichter Form. Die Nadeln sind grau-blau, die Knospen und Blumen sind Wei\u00df. Perfekt f\u00fcr den Steingarten. Bevorzugt volle Sonne in gut durchl\u00e4ssigen Boden. Best\u00e4ndig gegen -40 Grad.<\/p>\n","protected":false},"excerpt":{"rendered":"<p>Ein immergr\u00fcner Zwerg Nadelbaum mit einer niedrigen und dichter Form. Die Nadeln sind grau-blau, die Knospen und Blumen sind Wei\u00df. Perfekt f\u00fcr den Steingarten. Bevorzugt volle Sonne in gut durchl\u00e4ssigen Boden. Best\u00e4ndig gegen -40 Grad.<\/p>\n","protected":false},"featured_media":4659,"template":"","meta":{"_acf_changed":false},"product_brand":[],"product_cat":[8825],"product_tag":[10898,6251,8717],"class_list":{"0":"post-15400","1":"product","2":"type-product","3":"status-publish","4":"has-post-thumbnail","6":"product_cat-koniferen","7":"product_tag-naturlichen","8":"product_tag-bonsai-de","9":"product_tag-pompons-de","10":"pa_altezza-massima-0_50-meter","11":"pa_altezza-massima-100-de","12":"pa_colore-delle-foglie-blau","13":"pa_colore-fioritura-weis","14":"pa_condizionamento-clt-de","15":"pa_condizionamento-m-de","16":"pa_condizionamento-schale","17":"pa_famiglia-pinaceae-de","18":"pa_genere-pinus-de","19":"pa_inquinamento-bestaendigkeit-gegen-smog","20":"pa_origine-schottland-de","21":"pa_periodo-fioritura-mai-de","22":"pa_portamento-arrotondato-de","23":"pa_resistenza-climatica-sehr-hoch","24":"pa_resistenza-del-suolo-bestandig-gegen-trockene-boden","25":"pa_salinita-bestaendigkeit-in-meeresluft","26":"pa_utilizzo-balkone","27":"pa_utilizzo-kleine-gaerten","29":"first","30":"instock","31":"purchasable","32":"product-type-simple"},"acf":[],"_links":{"self":[{"href":"https:\/\/innocentiemangonipiante.it\/de\/wp-json\/wp\/v2\/product\/15400","targetHints":{"allow":["GET"]}}],"collection":[{"href":"https:\/\/innocentiemangonipiante.it\/de\/wp-json\/wp\/v2\/product"}],"about":[{"href":"https:\/\/innocentiemangonipiante.it\/de\/wp-json\/wp\/v2\/types\/product"}],"wp:featuredmedia":[{"embeddable":true,"href":"https:\/\/innocentiemangonipiante.it\/de\/wp-json\/wp\/v2\/media\/4659"}],"wp:attachment":[{"href":"https:\/\/innocentiemangonipiante.it\/de\/wp-json\/wp\/v2\/media?parent=15400"}],"wp:term":[{"taxonomy":"product_brand","embeddable":true,"href":"https:\/\/innocentiemangonipiante.it\/de\/wp-json\/wp\/v2\/product_brand?post=15400"},{"taxonomy":"product_cat","embeddable":true,"href":"https:\/\/innocentiemangonipiante.it\/de\/wp-json\/wp\/v2\/product_cat?post=15400"},{"taxonomy":"product_tag","embeddable":true,"href":"https:\/\/innocentiemangonipiante.it\/de\/wp-json\/wp\/v2\/product_tag?post=15400"}],"curies":[{"name":"wp","href":"https:\/\/api.w.org\/{rel}","templated":true}]}}