{"id":15403,"date":"2023-11-04T02:24:28","date_gmt":"2023-11-04T01:24:28","guid":{"rendered":"http:\/\/innocentiemangonipiante.it\/pinus-sylvestris\/"},"modified":"2023-11-06T19:34:29","modified_gmt":"2023-11-06T18:34:29","slug":"pinus-sylvestris","status":"publish","type":"product","link":"https:\/\/innocentiemangonipiante.it\/de\/pinus-sylvestris\/","title":{"rendered":"PINUS sylvestris"},"content":{"rendered":"<p>\u201cWaldkiefer\u201d. Gro\u00dfer Nadelbaum, der zun\u00e4chst kegelf\u00f6rmig ist, im Laufe der Jahre offener und unregelm\u00e4\u00dfig wird. R\u00f6tliche Rinde, die sich in feine Schuppen absch\u00e4lt. D\u00fcnne gr\u00fcn-blaue bis grau-gr\u00fcne Nadeln, die auf den Zweigen paarig angeordnet sind und 5-8 cm lang werden.<\/p>\n","protected":false},"excerpt":{"rendered":"<p>\u201cWaldkiefer\u201d. Gro\u00dfer Nadelbaum, der zun\u00e4chst kegelf\u00f6rmig ist, im Laufe der Jahre offener und unregelm\u00e4\u00dfig wird. R\u00f6tliche Rinde, die sich in feine Schuppen absch\u00e4lt. D\u00fcnne gr\u00fcn-blaue bis grau-gr\u00fcne Nadeln, die auf den Zweigen paarig angeordnet sind und 5-8 cm lang werden.<\/p>\n","protected":false},"featured_media":4646,"template":"","meta":{"_acf_changed":false},"product_brand":[],"product_cat":[8825],"product_tag":[10898,6251,8565,8401,8421,8498,8597,8717,13895],"class_list":{"0":"post-15403","1":"product","2":"type-product","3":"status-publish","4":"has-post-thumbnail","6":"product_cat-koniferen","7":"product_tag-naturlichen","8":"product_tag-bonsai-de","9":"product_tag-halbstamm","10":"product_tag-hochstamm","11":"product_tag-hochstamm-kugel","12":"product_tag-mehrstammig-mit-schirmformiger-krone","13":"product_tag-multistamm","14":"product_tag-pompons-de","15":"product_tag-pompons-tronc-s-de","16":"pa_altezza-massima-20-meter","17":"pa_altezza-massima-30-meter","18":"pa_colore-delle-foglie-grauen","19":"pa_condizionamento-clt-de","20":"pa_condizionamento-rostfarbenen-spezialtopf","21":"pa_condizionamento-jungplanzen","22":"pa_condizionamento-m-de","23":"pa_condizionamento-schale","24":"pa_famiglia-pinaceae-de","25":"pa_genere-pinus-de","26":"pa_inquinamento-bestaendigkeit-gegen-smog","27":"pa_origine-mitteleuropa","28":"pa_portamento-arrotondato-de","29":"pa_resistenza-climatica-sehr-hoch","30":"pa_resistenza-del-suolo-bestandig-gegen-trockene-boden","31":"pa_salinita-bestaendigkeit-in-meeresluft","32":"pa_utilizzo-parks-de","34":"first","35":"instock","36":"purchasable","37":"product-type-simple"},"acf":[],"_links":{"self":[{"href":"https:\/\/innocentiemangonipiante.it\/de\/wp-json\/wp\/v2\/product\/15403","targetHints":{"allow":["GET"]}}],"collection":[{"href":"https:\/\/innocentiemangonipiante.it\/de\/wp-json\/wp\/v2\/product"}],"about":[{"href":"https:\/\/innocentiemangonipiante.it\/de\/wp-json\/wp\/v2\/types\/product"}],"wp:featuredmedia":[{"embeddable":true,"href":"https:\/\/innocentiemangonipiante.it\/de\/wp-json\/wp\/v2\/media\/4646"}],"wp:attachment":[{"href":"https:\/\/innocentiemangonipiante.it\/de\/wp-json\/wp\/v2\/media?parent=15403"}],"wp:term":[{"taxonomy":"product_brand","embeddable":true,"href":"https:\/\/innocentiemangonipiante.it\/de\/wp-json\/wp\/v2\/product_brand?post=15403"},{"taxonomy":"product_cat","embeddable":true,"href":"https:\/\/innocentiemangonipiante.it\/de\/wp-json\/wp\/v2\/product_cat?post=15403"},{"taxonomy":"product_tag","embeddable":true,"href":"https:\/\/innocentiemangonipiante.it\/de\/wp-json\/wp\/v2\/product_tag?post=15403"}],"curies":[{"name":"wp","href":"https:\/\/api.w.org\/{rel}","templated":true}]}}