{"id":15404,"date":"2023-11-04T02:23:16","date_gmt":"2023-11-04T01:23:16","guid":{"rendered":"http:\/\/innocentiemangonipiante.it\/pinus-pinaster\/"},"modified":"2023-11-06T19:33:29","modified_gmt":"2023-11-06T18:33:29","slug":"pinus-pinaster","status":"publish","type":"product","link":"https:\/\/innocentiemangonipiante.it\/de\/pinus-pinaster\/","title":{"rendered":"PINUS pinaster"},"content":{"rendered":"<p>Unregelm\u00e4ssiger Wuchs, orangebraunfarbene rissige Rinde, steifen grau-gr\u00fcne Nedeln. Sehr gut geeignet in K\u00fcstengebieten.<\/p>\n","protected":false},"excerpt":{"rendered":"<p>Unregelm\u00e4ssiger Wuchs, orangebraunfarbene rissige Rinde, steifen grau-gr\u00fcne Nedeln. Sehr gut geeignet in K\u00fcstengebieten.<\/p>\n","protected":false},"featured_media":4634,"template":"","meta":{"_acf_changed":false},"product_brand":[],"product_cat":[8825,9231],"product_tag":[10898,8401],"class_list":{"0":"post-15404","1":"product","2":"type-product","3":"status-publish","4":"has-post-thumbnail","6":"product_cat-koniferen","7":"product_cat-baume-und-pflanzen-der-zukunft","8":"product_tag-naturlichen","9":"product_tag-hochstamm","10":"pa_altezza-massima-15-meter","11":"pa_altezza-massima-20-meter","12":"pa_colore-delle-foglie-grauen","13":"pa_condizionamento-clt-de","14":"pa_famiglia-pinaceae-de","15":"pa_genere-pinus-de","16":"pa_inquinamento-bestaendigkeit-gegen-smog","17":"pa_origine-sudeuropa-de","18":"pa_portamento-arrotondato-de","19":"pa_resistenza-climatica-mittel-hoch","20":"pa_salinita-bestaendigkeit-in-meeresluft","21":"pa_utilizzo-parks-de","23":"first","24":"instock","25":"purchasable","26":"product-type-simple"},"acf":[],"_links":{"self":[{"href":"https:\/\/innocentiemangonipiante.it\/de\/wp-json\/wp\/v2\/product\/15404","targetHints":{"allow":["GET"]}}],"collection":[{"href":"https:\/\/innocentiemangonipiante.it\/de\/wp-json\/wp\/v2\/product"}],"about":[{"href":"https:\/\/innocentiemangonipiante.it\/de\/wp-json\/wp\/v2\/types\/product"}],"wp:featuredmedia":[{"embeddable":true,"href":"https:\/\/innocentiemangonipiante.it\/de\/wp-json\/wp\/v2\/media\/4634"}],"wp:attachment":[{"href":"https:\/\/innocentiemangonipiante.it\/de\/wp-json\/wp\/v2\/media?parent=15404"}],"wp:term":[{"taxonomy":"product_brand","embeddable":true,"href":"https:\/\/innocentiemangonipiante.it\/de\/wp-json\/wp\/v2\/product_brand?post=15404"},{"taxonomy":"product_cat","embeddable":true,"href":"https:\/\/innocentiemangonipiante.it\/de\/wp-json\/wp\/v2\/product_cat?post=15404"},{"taxonomy":"product_tag","embeddable":true,"href":"https:\/\/innocentiemangonipiante.it\/de\/wp-json\/wp\/v2\/product_tag?post=15404"}],"curies":[{"name":"wp","href":"https:\/\/api.w.org\/{rel}","templated":true}]}}