{"id":15405,"date":"2023-11-04T02:23:22","date_gmt":"2023-11-04T01:23:22","guid":{"rendered":"http:\/\/innocentiemangonipiante.it\/pinus-pinea\/"},"modified":"2023-11-06T19:33:33","modified_gmt":"2023-11-06T18:33:33","slug":"pinus-pinea","status":"publish","type":"product","link":"https:\/\/innocentiemangonipiante.it\/de\/pinus-pinea\/","title":{"rendered":"PINUS pinea"},"content":{"rendered":"<p>Gro\u00dfer typischer Nadelbaum der Mittelmeerlandschaften mit sehr origineller Schirmform. Die Rinde besteht aus unregelm\u00e4\u00dfigen Platten und ist orange-grau-braun. Das nadelf\u00f6rmige Blattwerk ist gl\u00e4nzend dunkelgr\u00fcn.<\/p>\n","protected":false},"excerpt":{"rendered":"<p>Gro\u00dfer typischer Nadelbaum der Mittelmeerlandschaften mit sehr origineller Schirmform. Die Rinde besteht aus unregelm\u00e4\u00dfigen Platten und ist orange-grau-braun. Das nadelf\u00f6rmige Blattwerk ist gl\u00e4nzend dunkelgr\u00fcn.<\/p>\n","protected":false},"featured_media":4640,"template":"","meta":{"_acf_changed":false},"product_brand":[],"product_cat":[8825],"product_tag":[10898],"class_list":{"0":"post-15405","1":"product","2":"type-product","3":"status-publish","4":"has-post-thumbnail","6":"product_cat-koniferen","7":"product_tag-naturlichen","8":"pa_altezza-massima-15-meter","9":"pa_altezza-massima-25-meter","10":"pa_condizionamento-clt-de","11":"pa_famiglia-pinaceae-de","12":"pa_genere-pinus-de","13":"pa_inquinamento-bestaendigkeit-gegen-smog","14":"pa_origine-sudeuropa-de","15":"pa_periodo-fruttificazione-oktober","16":"pa_periodo-fruttificazione-september-de","17":"pa_portamento-arrotondato-de","18":"pa_resistenza-climatica-mittel-hoch","19":"pa_salinita-bestaendigkeit-in-meeresluft","20":"pa_utilizzo-parks-de","22":"first","23":"instock","24":"purchasable","25":"product-type-simple"},"acf":[],"_links":{"self":[{"href":"https:\/\/innocentiemangonipiante.it\/de\/wp-json\/wp\/v2\/product\/15405","targetHints":{"allow":["GET"]}}],"collection":[{"href":"https:\/\/innocentiemangonipiante.it\/de\/wp-json\/wp\/v2\/product"}],"about":[{"href":"https:\/\/innocentiemangonipiante.it\/de\/wp-json\/wp\/v2\/types\/product"}],"wp:featuredmedia":[{"embeddable":true,"href":"https:\/\/innocentiemangonipiante.it\/de\/wp-json\/wp\/v2\/media\/4640"}],"wp:attachment":[{"href":"https:\/\/innocentiemangonipiante.it\/de\/wp-json\/wp\/v2\/media?parent=15405"}],"wp:term":[{"taxonomy":"product_brand","embeddable":true,"href":"https:\/\/innocentiemangonipiante.it\/de\/wp-json\/wp\/v2\/product_brand?post=15405"},{"taxonomy":"product_cat","embeddable":true,"href":"https:\/\/innocentiemangonipiante.it\/de\/wp-json\/wp\/v2\/product_cat?post=15405"},{"taxonomy":"product_tag","embeddable":true,"href":"https:\/\/innocentiemangonipiante.it\/de\/wp-json\/wp\/v2\/product_tag?post=15405"}],"curies":[{"name":"wp","href":"https:\/\/api.w.org\/{rel}","templated":true}]}}