{"id":15406,"date":"2023-11-04T02:23:01","date_gmt":"2023-11-04T01:23:01","guid":{"rendered":"http:\/\/innocentiemangonipiante.it\/pinus-nigra-marie-bregeon\/"},"modified":"2023-11-06T19:33:19","modified_gmt":"2023-11-06T18:33:19","slug":"pinus-nigra-marie-bregeon","status":"publish","type":"product","link":"https:\/\/innocentiemangonipiante.it\/de\/pinus-nigra-marie-bregeon\/","title":{"rendered":"PINUS nigra &#8218;Marie Bregeon&#8216;"},"content":{"rendered":"<p>Es ist eine Mischung zwischen Pinus Nigra und Pinus Densiflora. Eleganter Wuchs, mit langen, gr\u00fcnen und weichen Nadeln. Hat eine nat\u00fcrliche runde Form ohne Bedarf f\u00fcr Beschneiden. Die Pflanze w\u00e4chst dicht und kompakt, und nur etwa 5-10 cm pro Jahr.<\/p>\n","protected":false},"excerpt":{"rendered":"<p>Es ist eine Mischung zwischen Pinus Nigra und Pinus Densiflora. Eleganter Wuchs, mit langen, gr\u00fcnen und weichen Nadeln. Hat eine nat\u00fcrliche runde Form ohne Bedarf f\u00fcr Beschneiden. Die Pflanze w\u00e4chst dicht und kompakt, und nur etwa 5-10 cm pro Jahr.<\/p>\n","protected":false},"featured_media":4627,"template":"","meta":{"_acf_changed":false},"product_brand":[],"product_cat":[8825],"product_tag":[10898,8736,8565],"class_list":{"0":"post-15406","1":"product","2":"type-product","3":"status-publish","4":"has-post-thumbnail","6":"product_cat-koniferen","7":"product_tag-naturlichen","8":"product_tag-fusstamm","9":"product_tag-halbstamm","10":"pa_altezza-massima-0_50-meter","11":"pa_altezza-massima-100-de","12":"pa_condizionamento-clt-de","13":"pa_famiglia-pinaceae-de","14":"pa_genere-pinus-de","15":"pa_inquinamento-bestaendigkeit-gegen-smog","16":"pa_origine-schweiz","17":"pa_portamento-arrotondato-de","18":"pa_resistenza-climatica-sehr-hoch","19":"pa_resistenza-del-suolo-bestandig-gegen-kalkhaltige-boden","20":"pa_salinita-bestaendigkeit-in-meeresluft","21":"pa_utilizzo-balkone","22":"pa_utilizzo-kleine-gaerten","24":"first","25":"instock","26":"purchasable","27":"product-type-simple"},"acf":[],"_links":{"self":[{"href":"https:\/\/innocentiemangonipiante.it\/de\/wp-json\/wp\/v2\/product\/15406","targetHints":{"allow":["GET"]}}],"collection":[{"href":"https:\/\/innocentiemangonipiante.it\/de\/wp-json\/wp\/v2\/product"}],"about":[{"href":"https:\/\/innocentiemangonipiante.it\/de\/wp-json\/wp\/v2\/types\/product"}],"wp:featuredmedia":[{"embeddable":true,"href":"https:\/\/innocentiemangonipiante.it\/de\/wp-json\/wp\/v2\/media\/4627"}],"wp:attachment":[{"href":"https:\/\/innocentiemangonipiante.it\/de\/wp-json\/wp\/v2\/media?parent=15406"}],"wp:term":[{"taxonomy":"product_brand","embeddable":true,"href":"https:\/\/innocentiemangonipiante.it\/de\/wp-json\/wp\/v2\/product_brand?post=15406"},{"taxonomy":"product_cat","embeddable":true,"href":"https:\/\/innocentiemangonipiante.it\/de\/wp-json\/wp\/v2\/product_cat?post=15406"},{"taxonomy":"product_tag","embeddable":true,"href":"https:\/\/innocentiemangonipiante.it\/de\/wp-json\/wp\/v2\/product_tag?post=15406"}],"curies":[{"name":"wp","href":"https:\/\/api.w.org\/{rel}","templated":true}]}}