{"id":15408,"date":"2023-11-04T02:22:34","date_gmt":"2023-11-04T01:22:34","guid":{"rendered":"http:\/\/innocentiemangonipiante.it\/pinus-nigra-brepo\/"},"modified":"2023-11-06T19:32:31","modified_gmt":"2023-11-06T18:32:31","slug":"pinus-nigra-brepo","status":"publish","type":"product","link":"https:\/\/innocentiemangonipiante.it\/de\/pinus-nigra-brepo\/","title":{"rendered":"PINUS nigra &#8218;Brepo&#8216; \u00ae"},"content":{"rendered":"<p>Zwergw\u00fcchsiger, kompakter und nat\u00fcrlich runder Nadelbaum. Im Fr\u00fchjahr sprie\u00dfen zahlreiche neue graue Triebe, die sich von dem dunkelgr\u00fcnen Blattwerk kontrastreich abheben. Die Nadeln sind 5-7 cm lang.<\/p>\n","protected":false},"excerpt":{"rendered":"<p>Zwergw\u00fcchsiger, kompakter und nat\u00fcrlich runder Nadelbaum. Im Fr\u00fchjahr sprie\u00dfen zahlreiche neue graue Triebe, die sich von dem dunkelgr\u00fcnen Blattwerk kontrastreich abheben. Die Nadeln sind 5-7 cm lang.<\/p>\n","protected":false},"featured_media":4620,"template":"","meta":{"_acf_changed":false},"product_brand":[],"product_cat":[8825],"product_tag":[10898,8736,8565,8498,8717],"class_list":{"0":"post-15408","1":"product","2":"type-product","3":"status-publish","4":"has-post-thumbnail","6":"product_cat-koniferen","7":"product_tag-naturlichen","8":"product_tag-fusstamm","9":"product_tag-halbstamm","10":"product_tag-mehrstammig-mit-schirmformiger-krone","11":"product_tag-pompons-de","12":"pa_altezza-massima-150-de","13":"pa_altezza-massima-200-de","14":"pa_condizionamento-clt-de","15":"pa_condizionamento-deco-holztopf","16":"pa_condizionamento-m-de","17":"pa_condizionamento-schale","18":"pa_famiglia-pinaceae-de","19":"pa_genere-pinus-de","20":"pa_inquinamento-bestaendigkeit-gegen-smog","21":"pa_origine-schweiz","22":"pa_portamento-arrotondato-de","23":"pa_resistenza-climatica-sehr-hoch","24":"pa_resistenza-del-suolo-bestandig-gegen-kalkhaltige-boden","25":"pa_resistenza-del-suolo-bestandig-gegen-trockene-boden","26":"pa_salinita-bestaendigkeit-in-meeresluft","27":"pa_utilizzo-balkone","28":"pa_utilizzo-kleine-gaerten","30":"first","31":"instock","32":"purchasable","33":"product-type-simple"},"acf":[],"_links":{"self":[{"href":"https:\/\/innocentiemangonipiante.it\/de\/wp-json\/wp\/v2\/product\/15408","targetHints":{"allow":["GET"]}}],"collection":[{"href":"https:\/\/innocentiemangonipiante.it\/de\/wp-json\/wp\/v2\/product"}],"about":[{"href":"https:\/\/innocentiemangonipiante.it\/de\/wp-json\/wp\/v2\/types\/product"}],"wp:featuredmedia":[{"embeddable":true,"href":"https:\/\/innocentiemangonipiante.it\/de\/wp-json\/wp\/v2\/media\/4620"}],"wp:attachment":[{"href":"https:\/\/innocentiemangonipiante.it\/de\/wp-json\/wp\/v2\/media?parent=15408"}],"wp:term":[{"taxonomy":"product_brand","embeddable":true,"href":"https:\/\/innocentiemangonipiante.it\/de\/wp-json\/wp\/v2\/product_brand?post=15408"},{"taxonomy":"product_cat","embeddable":true,"href":"https:\/\/innocentiemangonipiante.it\/de\/wp-json\/wp\/v2\/product_cat?post=15408"},{"taxonomy":"product_tag","embeddable":true,"href":"https:\/\/innocentiemangonipiante.it\/de\/wp-json\/wp\/v2\/product_tag?post=15408"}],"curies":[{"name":"wp","href":"https:\/\/api.w.org\/{rel}","templated":true}]}}