{"id":15410,"date":"2023-11-04T02:22:16","date_gmt":"2023-11-04T01:22:16","guid":{"rendered":"http:\/\/innocentiemangonipiante.it\/pinus-nigra-austriaca\/"},"modified":"2023-11-06T19:32:09","modified_gmt":"2023-11-06T18:32:09","slug":"pinus-nigra-austriaca","status":"publish","type":"product","link":"https:\/\/innocentiemangonipiante.it\/de\/pinus-nigra-austriaca\/","title":{"rendered":"PINUS nigra &#8218;Austriaca&#8216;"},"content":{"rendered":"<p>\u201c\u00d6sterreichische Schwarzkiefer\u201d. Kuppelf\u00f6rmiger Nadelbaum mit ausladenden \u00c4sten. Die Rinde ist braun und schwarz. Die Nadeln sind gerade, dunkelgr\u00fcn und gepaart. Weibliche 6-8 cm lange gelb-braune Fruchtzapfen.<\/p>\n","protected":false},"excerpt":{"rendered":"<p>\u201c\u00d6sterreichische Schwarzkiefer\u201d. Kuppelf\u00f6rmiger Nadelbaum mit ausladenden \u00c4sten. Die Rinde ist braun und schwarz. Die Nadeln sind gerade, dunkelgr\u00fcn und gepaart. Weibliche 6-8 cm lange gelb-braune Fruchtzapfen.<\/p>\n","protected":false},"featured_media":4608,"template":"","meta":{"_acf_changed":false},"product_brand":[],"product_cat":[8825],"product_tag":[10898,6251,8401,8717],"class_list":{"0":"post-15410","1":"product","2":"type-product","3":"status-publish","4":"has-post-thumbnail","6":"product_cat-koniferen","7":"product_tag-naturlichen","8":"product_tag-bonsai-de","9":"product_tag-hochstamm","10":"product_tag-pompons-de","11":"pa_altezza-massima-20-meter","12":"pa_altezza-massima-30-meter","13":"pa_colore-delle-foglie-grauen","14":"pa_condizionamento-clt-de","15":"pa_condizionamento-jungplanzen","16":"pa_condizionamento-m-de","17":"pa_famiglia-pinaceae-de","18":"pa_genere-pinus-de","19":"pa_inquinamento-bestaendigkeit-gegen-smog","20":"pa_origine-mitteleuropa","21":"pa_portamento-piramidale-de","22":"pa_resistenza-climatica-sehr-hoch","23":"pa_resistenza-del-suolo-bestandig-gegen-kalkhaltige-boden","24":"pa_resistenza-del-suolo-bestandig-gegen-trockene-boden","25":"pa_salinita-bestaendigkeit-in-meeresluft","26":"pa_utilizzo-parks-de","28":"first","29":"instock","30":"purchasable","31":"product-type-simple"},"acf":[],"_links":{"self":[{"href":"https:\/\/innocentiemangonipiante.it\/de\/wp-json\/wp\/v2\/product\/15410","targetHints":{"allow":["GET"]}}],"collection":[{"href":"https:\/\/innocentiemangonipiante.it\/de\/wp-json\/wp\/v2\/product"}],"about":[{"href":"https:\/\/innocentiemangonipiante.it\/de\/wp-json\/wp\/v2\/types\/product"}],"wp:featuredmedia":[{"embeddable":true,"href":"https:\/\/innocentiemangonipiante.it\/de\/wp-json\/wp\/v2\/media\/4608"}],"wp:attachment":[{"href":"https:\/\/innocentiemangonipiante.it\/de\/wp-json\/wp\/v2\/media?parent=15410"}],"wp:term":[{"taxonomy":"product_brand","embeddable":true,"href":"https:\/\/innocentiemangonipiante.it\/de\/wp-json\/wp\/v2\/product_brand?post=15410"},{"taxonomy":"product_cat","embeddable":true,"href":"https:\/\/innocentiemangonipiante.it\/de\/wp-json\/wp\/v2\/product_cat?post=15410"},{"taxonomy":"product_tag","embeddable":true,"href":"https:\/\/innocentiemangonipiante.it\/de\/wp-json\/wp\/v2\/product_tag?post=15410"}],"curies":[{"name":"wp","href":"https:\/\/api.w.org\/{rel}","templated":true}]}}