{"id":15412,"date":"2023-11-04T02:21:49","date_gmt":"2023-11-04T01:21:49","guid":{"rendered":"http:\/\/innocentiemangonipiante.it\/pinus-mugo-pumilio\/"},"modified":"2023-11-06T19:31:52","modified_gmt":"2023-11-06T18:31:52","slug":"pinus-mugo-pumilio","status":"publish","type":"product","link":"https:\/\/innocentiemangonipiante.it\/de\/pinus-mugo-pumilio\/","title":{"rendered":"PINUS mugo &#8218;Pumilio&#8216;"},"content":{"rendered":"<p>Rundlicher Nadelbaum mit kurzen und kompakten \u00c4sten. Die sp\u00e4rlichen Nadeln sind gr\u00fcn und gepaart. Langsames Wachstum. Im Winter f\u00e4rben sich die Nadeln an den Spitzen rot-braun. Weibliche eif\u00f6rmige dunkelbraune Fruchtzapfen. Erreicht eine Breite von 2-3 Metern.<\/p>\n","protected":false},"excerpt":{"rendered":"<p>Rundlicher Nadelbaum mit kurzen und kompakten \u00c4sten. Die sp\u00e4rlichen Nadeln sind gr\u00fcn und gepaart. Langsames Wachstum. Im Winter f\u00e4rben sich die Nadeln an den Spitzen rot-braun. Weibliche eif\u00f6rmige dunkelbraune Fruchtzapfen. Erreicht eine Breite von 2-3 Metern.<\/p>\n","protected":false},"featured_media":4590,"template":"","meta":{"_acf_changed":false},"product_brand":[],"product_cat":[8825,9231],"product_tag":[10898],"class_list":{"0":"post-15412","1":"product","2":"type-product","3":"status-publish","4":"has-post-thumbnail","6":"product_cat-koniferen","7":"product_cat-baume-und-pflanzen-der-zukunft","8":"product_tag-naturlichen","9":"pa_altezza-massima-100-de","10":"pa_altezza-massima-150-de","11":"pa_condizionamento-clt-de","12":"pa_condizionamento-jungplanzen","13":"pa_famiglia-pinaceae-de","14":"pa_genere-pinus-de","15":"pa_inquinamento-bestaendigkeit-gegen-smog","16":"pa_origine-mitteleuropa","17":"pa_portamento-arrotondato-de","18":"pa_resistenza-climatica-sehr-hoch","19":"pa_resistenza-del-suolo-bestandig-gegen-kalkhaltige-boden","20":"pa_salinita-bestaendigkeit-in-meeresluft","21":"pa_utilizzo-balkone","22":"pa_utilizzo-kleine-gaerten","24":"first","25":"instock","26":"purchasable","27":"product-type-simple"},"acf":[],"_links":{"self":[{"href":"https:\/\/innocentiemangonipiante.it\/de\/wp-json\/wp\/v2\/product\/15412","targetHints":{"allow":["GET"]}}],"collection":[{"href":"https:\/\/innocentiemangonipiante.it\/de\/wp-json\/wp\/v2\/product"}],"about":[{"href":"https:\/\/innocentiemangonipiante.it\/de\/wp-json\/wp\/v2\/types\/product"}],"wp:featuredmedia":[{"embeddable":true,"href":"https:\/\/innocentiemangonipiante.it\/de\/wp-json\/wp\/v2\/media\/4590"}],"wp:attachment":[{"href":"https:\/\/innocentiemangonipiante.it\/de\/wp-json\/wp\/v2\/media?parent=15412"}],"wp:term":[{"taxonomy":"product_brand","embeddable":true,"href":"https:\/\/innocentiemangonipiante.it\/de\/wp-json\/wp\/v2\/product_brand?post=15412"},{"taxonomy":"product_cat","embeddable":true,"href":"https:\/\/innocentiemangonipiante.it\/de\/wp-json\/wp\/v2\/product_cat?post=15412"},{"taxonomy":"product_tag","embeddable":true,"href":"https:\/\/innocentiemangonipiante.it\/de\/wp-json\/wp\/v2\/product_tag?post=15412"}],"curies":[{"name":"wp","href":"https:\/\/api.w.org\/{rel}","templated":true}]}}