{"id":15414,"date":"2023-11-04T02:21:35","date_gmt":"2023-11-04T01:21:35","guid":{"rendered":"http:\/\/innocentiemangonipiante.it\/pinus-mugo-mops\/"},"modified":"2023-11-06T19:31:44","modified_gmt":"2023-11-06T18:31:44","slug":"pinus-mugo-mops","status":"publish","type":"product","link":"https:\/\/innocentiemangonipiante.it\/de\/pinus-mugo-mops\/","title":{"rendered":"PINUS mugo &#8218;Mops&#8216;"},"content":{"rendered":"<p>Zwergw\u00fcchsiger rundlicher Nadelbaum, der eine unregelm\u00e4\u00dfige einem breiten Kissen \u00e4hnliche Form annimmt. Die \u00c4ste sind kurz und kompakt, die zu zweit gepaarten Nadeln sind sehr kurz und dunkelgr\u00fcn.<\/p>\n","protected":false},"excerpt":{"rendered":"<p>Zwergw\u00fcchsiger rundlicher Nadelbaum, der eine unregelm\u00e4\u00dfige einem breiten Kissen \u00e4hnliche Form annimmt. Die \u00c4ste sind kurz und kompakt, die zu zweit gepaarten Nadeln sind sehr kurz und dunkelgr\u00fcn.<\/p>\n","protected":false},"featured_media":4578,"template":"","meta":{"_acf_changed":false},"product_brand":[],"product_cat":[8825,9231],"product_tag":[10898,6251,8736,8565,8498,8717],"class_list":{"0":"post-15414","1":"product","2":"type-product","3":"status-publish","4":"has-post-thumbnail","6":"product_cat-koniferen","7":"product_cat-baume-und-pflanzen-der-zukunft","8":"product_tag-naturlichen","9":"product_tag-bonsai-de","10":"product_tag-fusstamm","11":"product_tag-halbstamm","12":"product_tag-mehrstammig-mit-schirmformiger-krone","13":"product_tag-pompons-de","14":"pa_altezza-massima-150-de","15":"pa_altezza-massima-200-de","16":"pa_condizionamento-clt-de","17":"pa_condizionamento-rostfarbenen-spezialtopf","18":"pa_condizionamento-deco-holztopf","19":"pa_condizionamento-jungplanzen","20":"pa_condizionamento-m-de","21":"pa_famiglia-pinaceae-de","22":"pa_genere-pinus-de","23":"pa_inquinamento-bestaendigkeit-gegen-smog","24":"pa_origine-deutschland","25":"pa_portamento-arrotondato-de","26":"pa_resistenza-climatica-sehr-hoch","27":"pa_resistenza-del-suolo-bestandig-gegen-kalkhaltige-boden","28":"pa_salinita-bestaendigkeit-in-meeresluft","29":"pa_utilizzo-kleine-gaerten","31":"first","32":"instock","33":"purchasable","34":"product-type-simple"},"acf":[],"_links":{"self":[{"href":"https:\/\/innocentiemangonipiante.it\/de\/wp-json\/wp\/v2\/product\/15414","targetHints":{"allow":["GET"]}}],"collection":[{"href":"https:\/\/innocentiemangonipiante.it\/de\/wp-json\/wp\/v2\/product"}],"about":[{"href":"https:\/\/innocentiemangonipiante.it\/de\/wp-json\/wp\/v2\/types\/product"}],"wp:featuredmedia":[{"embeddable":true,"href":"https:\/\/innocentiemangonipiante.it\/de\/wp-json\/wp\/v2\/media\/4578"}],"wp:attachment":[{"href":"https:\/\/innocentiemangonipiante.it\/de\/wp-json\/wp\/v2\/media?parent=15414"}],"wp:term":[{"taxonomy":"product_brand","embeddable":true,"href":"https:\/\/innocentiemangonipiante.it\/de\/wp-json\/wp\/v2\/product_brand?post=15414"},{"taxonomy":"product_cat","embeddable":true,"href":"https:\/\/innocentiemangonipiante.it\/de\/wp-json\/wp\/v2\/product_cat?post=15414"},{"taxonomy":"product_tag","embeddable":true,"href":"https:\/\/innocentiemangonipiante.it\/de\/wp-json\/wp\/v2\/product_tag?post=15414"}],"curies":[{"name":"wp","href":"https:\/\/api.w.org\/{rel}","templated":true}]}}