{"id":15418,"date":"2023-11-04T02:20:35","date_gmt":"2023-11-04T01:20:35","guid":{"rendered":"http:\/\/innocentiemangonipiante.it\/pinus-halepensis\/"},"modified":"2023-11-06T19:31:12","modified_gmt":"2023-11-06T18:31:12","slug":"pinus-halepensis","status":"publish","type":"product","link":"https:\/\/innocentiemangonipiante.it\/de\/pinus-halepensis\/","title":{"rendered":"PINUS halepensis"},"content":{"rendered":"<p>Kegelf\u00f6rmiger Nadelbaum mit rot-brauner Rinde und d\u00fcnnen, sp\u00e4rlichen gr\u00fcn gl\u00e4nzenden Nadeln, die paarig angeordnet und bis 11 cm lang sind. Weibliche eif\u00f6rmige 5-12 cm lange rot-braune Fruchtzapfen.<\/p>\n","protected":false},"excerpt":{"rendered":"<p>Kegelf\u00f6rmiger Nadelbaum mit rot-brauner Rinde und d\u00fcnnen, sp\u00e4rlichen gr\u00fcn gl\u00e4nzenden Nadeln, die paarig angeordnet und bis 11 cm lang sind. Weibliche eif\u00f6rmige 5-12 cm lange rot-braune Fruchtzapfen.<\/p>\n","protected":false},"featured_media":4564,"template":"","meta":{"_acf_changed":false},"product_brand":[],"product_cat":[8825,9231],"product_tag":[10898,8401,8597],"class_list":{"0":"post-15418","1":"product","2":"type-product","3":"status-publish","4":"has-post-thumbnail","6":"product_cat-koniferen","7":"product_cat-baume-und-pflanzen-der-zukunft","8":"product_tag-naturlichen","9":"product_tag-hochstamm","10":"product_tag-multistamm","11":"pa_altezza-massima-15-meter","12":"pa_altezza-massima-20-meter","13":"pa_condizionamento-clt-de","14":"pa_condizionamento-jungplanzen","15":"pa_famiglia-pinaceae-de","16":"pa_genere-pinus-de","17":"pa_inquinamento-bestaendigkeit-gegen-smog","18":"pa_origine-europaischen-mittelmeeres","19":"pa_portamento-arrotondato-de","20":"pa_resistenza-climatica-mittel-hoch","21":"pa_salinita-bestaendigkeit-in-meeresluft","22":"pa_utilizzo-parks-de","24":"first","25":"instock","26":"purchasable","27":"product-type-simple"},"acf":[],"_links":{"self":[{"href":"https:\/\/innocentiemangonipiante.it\/de\/wp-json\/wp\/v2\/product\/15418","targetHints":{"allow":["GET"]}}],"collection":[{"href":"https:\/\/innocentiemangonipiante.it\/de\/wp-json\/wp\/v2\/product"}],"about":[{"href":"https:\/\/innocentiemangonipiante.it\/de\/wp-json\/wp\/v2\/types\/product"}],"wp:featuredmedia":[{"embeddable":true,"href":"https:\/\/innocentiemangonipiante.it\/de\/wp-json\/wp\/v2\/media\/4564"}],"wp:attachment":[{"href":"https:\/\/innocentiemangonipiante.it\/de\/wp-json\/wp\/v2\/media?parent=15418"}],"wp:term":[{"taxonomy":"product_brand","embeddable":true,"href":"https:\/\/innocentiemangonipiante.it\/de\/wp-json\/wp\/v2\/product_brand?post=15418"},{"taxonomy":"product_cat","embeddable":true,"href":"https:\/\/innocentiemangonipiante.it\/de\/wp-json\/wp\/v2\/product_cat?post=15418"},{"taxonomy":"product_tag","embeddable":true,"href":"https:\/\/innocentiemangonipiante.it\/de\/wp-json\/wp\/v2\/product_tag?post=15418"}],"curies":[{"name":"wp","href":"https:\/\/api.w.org\/{rel}","templated":true}]}}