{"id":15419,"date":"2023-11-04T02:25:48","date_gmt":"2023-11-04T01:25:48","guid":{"rendered":"http:\/\/innocentiemangonipiante.it\/pistacia-lentiscus\/"},"modified":"2023-11-06T19:35:30","modified_gmt":"2023-11-06T18:35:30","slug":"pistacia-lentiscus","status":"publish","type":"product","link":"https:\/\/innocentiemangonipiante.it\/de\/pistacia-lentiscus\/","title":{"rendered":"PISTACIA lentiscus"},"content":{"rendered":"<p>Strauch oder kleiner immergr\u00fcner Baum mit gl\u00e4nzende gefiederte Bl\u00e4ttern. Ende Fr\u00fchjahr sprie\u00dfen Bl\u00fcten in dichten Rispen die von rote Beeren-Fr\u00fcchte gefolgt werden.<\/p>\n","protected":false},"excerpt":{"rendered":"<p>Strauch oder kleiner immergr\u00fcner Baum mit gl\u00e4nzende gefiederte Bl\u00e4ttern. Ende Fr\u00fchjahr sprie\u00dfen Bl\u00fcten in dichten Rispen die von rote Beeren-Fr\u00fcchte gefolgt werden.<\/p>\n","protected":false},"featured_media":4683,"template":"","meta":{"_acf_changed":false},"product_brand":[],"product_cat":[8816,9231],"product_tag":[10898,8705,8597],"class_list":{"0":"post-15419","1":"product","2":"type-product","3":"status-publish","4":"has-post-thumbnail","6":"product_cat-hartnaeckige-baeume-und-straeucher","7":"product_cat-baume-und-pflanzen-der-zukunft","8":"product_tag-naturlichen","9":"product_tag-kugel","10":"product_tag-multistamm","11":"pa_altezza-massima-300-de","12":"pa_altezza-massima-400-de","13":"pa_colore-fioritura-weis","14":"pa_condizionamento-clt-de","15":"pa_condizionamento-jungplanzen","16":"pa_famiglia-anacardiaceae-de","17":"pa_genere-pistacia-de","18":"pa_origine-marokko","19":"pa_periodo-fioritura-mai-de","20":"pa_periodo-fruttificazione-juli","21":"pa_portamento-cespuglioso-de","22":"pa_resistenza-climatica-mittel","23":"pa_resistenza-del-suolo-bestandig-gegen-kalkhaltige-boden","24":"pa_resistenza-del-suolo-bestandig-gegen-trockene-boden","25":"pa_salinita-bestaendigkeit-in-meeresluft","26":"pa_utilizzo-alleen","27":"pa_utilizzo-hecken","28":"pa_utilizzo-parks-de","30":"first","31":"instock","32":"purchasable","33":"product-type-simple"},"acf":[],"_links":{"self":[{"href":"https:\/\/innocentiemangonipiante.it\/de\/wp-json\/wp\/v2\/product\/15419","targetHints":{"allow":["GET"]}}],"collection":[{"href":"https:\/\/innocentiemangonipiante.it\/de\/wp-json\/wp\/v2\/product"}],"about":[{"href":"https:\/\/innocentiemangonipiante.it\/de\/wp-json\/wp\/v2\/types\/product"}],"wp:featuredmedia":[{"embeddable":true,"href":"https:\/\/innocentiemangonipiante.it\/de\/wp-json\/wp\/v2\/media\/4683"}],"wp:attachment":[{"href":"https:\/\/innocentiemangonipiante.it\/de\/wp-json\/wp\/v2\/media?parent=15419"}],"wp:term":[{"taxonomy":"product_brand","embeddable":true,"href":"https:\/\/innocentiemangonipiante.it\/de\/wp-json\/wp\/v2\/product_brand?post=15419"},{"taxonomy":"product_cat","embeddable":true,"href":"https:\/\/innocentiemangonipiante.it\/de\/wp-json\/wp\/v2\/product_cat?post=15419"},{"taxonomy":"product_tag","embeddable":true,"href":"https:\/\/innocentiemangonipiante.it\/de\/wp-json\/wp\/v2\/product_tag?post=15419"}],"curies":[{"name":"wp","href":"https:\/\/api.w.org\/{rel}","templated":true}]}}