{"id":15420,"date":"2023-11-04T02:25:42","date_gmt":"2023-11-04T01:25:42","guid":{"rendered":"http:\/\/innocentiemangonipiante.it\/pistacia-chinensis\/"},"modified":"2023-11-06T19:35:26","modified_gmt":"2023-11-06T18:35:26","slug":"pistacia-chinensis","status":"publish","type":"product","link":"https:\/\/innocentiemangonipiante.it\/de\/pistacia-chinensis\/","title":{"rendered":"PISTACIA chinensis"},"content":{"rendered":"<p>Mittelgro\u00dfe B\u00e4ume, auch in armen B\u00f6den geeignet. Laubbl\u00e4tter 20-25 cm lang. Blumen in Rispen 15-20 cm am Ende der Zweige, Beeren. Sorte geeignet f\u00fcr Plantagen von Alleen sch\u00f6ne Herbstf\u00e4rbung.<\/p>\n","protected":false},"excerpt":{"rendered":"<p>Mittelgro\u00dfe B\u00e4ume, auch in armen B\u00f6den geeignet. Laubbl\u00e4tter 20-25 cm lang. Blumen in Rispen 15-20 cm am Ende der Zweige, Beeren. Sorte geeignet f\u00fcr Plantagen von Alleen sch\u00f6ne Herbstf\u00e4rbung.<\/p>\n","protected":false},"featured_media":4677,"template":"","meta":{"_acf_changed":false},"product_brand":[],"product_cat":[8816,9231],"product_tag":[10898,8401],"class_list":{"0":"post-15420","1":"product","2":"type-product","3":"status-publish","4":"has-post-thumbnail","6":"product_cat-hartnaeckige-baeume-und-straeucher","7":"product_cat-baume-und-pflanzen-der-zukunft","8":"product_tag-naturlichen","9":"product_tag-hochstamm","10":"pa_altezza-massima-800-de","11":"pa_altezza-massima-1000-de-2","12":"pa_colore-fioritura-weis","13":"pa_condizionamento-m-de","14":"pa_famiglia-anacardiaceae-de","15":"pa_genere-pistacia-de","16":"pa_origine-china-de","17":"pa_periodo-fioritura-mai-de","18":"pa_portamento-allargato-de","19":"pa_resistenza-climatica-mittel","20":"pa_resistenza-del-suolo-resistent-gegen-arme-boeden","21":"pa_utilizzo-alleen","22":"pa_utilizzo-parks-de","24":"first","25":"instock","26":"purchasable","27":"product-type-simple"},"acf":[],"_links":{"self":[{"href":"https:\/\/innocentiemangonipiante.it\/de\/wp-json\/wp\/v2\/product\/15420","targetHints":{"allow":["GET"]}}],"collection":[{"href":"https:\/\/innocentiemangonipiante.it\/de\/wp-json\/wp\/v2\/product"}],"about":[{"href":"https:\/\/innocentiemangonipiante.it\/de\/wp-json\/wp\/v2\/types\/product"}],"wp:featuredmedia":[{"embeddable":true,"href":"https:\/\/innocentiemangonipiante.it\/de\/wp-json\/wp\/v2\/media\/4677"}],"wp:attachment":[{"href":"https:\/\/innocentiemangonipiante.it\/de\/wp-json\/wp\/v2\/media?parent=15420"}],"wp:term":[{"taxonomy":"product_brand","embeddable":true,"href":"https:\/\/innocentiemangonipiante.it\/de\/wp-json\/wp\/v2\/product_brand?post=15420"},{"taxonomy":"product_cat","embeddable":true,"href":"https:\/\/innocentiemangonipiante.it\/de\/wp-json\/wp\/v2\/product_cat?post=15420"},{"taxonomy":"product_tag","embeddable":true,"href":"https:\/\/innocentiemangonipiante.it\/de\/wp-json\/wp\/v2\/product_tag?post=15420"}],"curies":[{"name":"wp","href":"https:\/\/api.w.org\/{rel}","templated":true}]}}