{"id":15421,"date":"2023-11-04T02:26:52","date_gmt":"2023-11-04T01:26:52","guid":{"rendered":"http:\/\/innocentiemangonipiante.it\/pittosporum-tenuifolium-tom-thumb\/"},"modified":"2023-11-06T19:36:35","modified_gmt":"2023-11-06T18:36:35","slug":"pittosporum-tenuifolium-tom-thumb","status":"publish","type":"product","link":"https:\/\/innocentiemangonipiante.it\/de\/pittosporum-tenuifolium-tom-thumb\/","title":{"rendered":"PITTOSPORUM tenuifolium &#8218;Tom Thumb&#8216;"},"content":{"rendered":"<p>Immergr\u00fcner kompakter Strauch. Die Bl\u00e4tter sind beim Austrieb leicht gr\u00fcn, nachher dunkel-purpurrot werdend.<\/p>\n","protected":false},"excerpt":{"rendered":"<p>Immergr\u00fcner kompakter Strauch. Die Bl\u00e4tter sind beim Austrieb leicht gr\u00fcn, nachher dunkel-purpurrot werdend.<\/p>\n","protected":false},"featured_media":4715,"template":"","meta":{"_acf_changed":false},"product_brand":[],"product_cat":[8816],"product_tag":[10898],"class_list":{"0":"post-15421","1":"product","2":"type-product","3":"status-publish","4":"has-post-thumbnail","6":"product_cat-hartnaeckige-baeume-und-straeucher","7":"product_tag-naturlichen","8":"pa_altezza-massima-0_50-meter","9":"pa_altezza-massima-100-de","10":"pa_colore-delle-foglie-roten","11":"pa_colore-fioritura-rot","12":"pa_condizionamento-clt-de","13":"pa_condizionamento-jungplanzen","14":"pa_famiglia-pittosporaceae-de","15":"pa_genere-pittosporum-de","16":"pa_origine-neuseeland-de","17":"pa_periodo-fioritura-april-de","18":"pa_periodo-fioritura-juni","19":"pa_periodo-fioritura-mai-de","20":"pa_portamento-eretto-de","21":"pa_profumo-intensiv","22":"pa_resistenza-climatica-mittel","23":"pa_resistenza-del-suolo-bestandig-gegen-kalkhaltige-boden","24":"pa_resistenza-del-suolo-bestandig-gegen-trockene-boden","25":"pa_salinita-bestaendigkeit-in-meeresluft","26":"pa_utilizzo-balkone","27":"pa_utilizzo-kleine-gaerten","29":"first","30":"instock","31":"purchasable","32":"product-type-simple"},"acf":[],"_links":{"self":[{"href":"https:\/\/innocentiemangonipiante.it\/de\/wp-json\/wp\/v2\/product\/15421","targetHints":{"allow":["GET"]}}],"collection":[{"href":"https:\/\/innocentiemangonipiante.it\/de\/wp-json\/wp\/v2\/product"}],"about":[{"href":"https:\/\/innocentiemangonipiante.it\/de\/wp-json\/wp\/v2\/types\/product"}],"wp:featuredmedia":[{"embeddable":true,"href":"https:\/\/innocentiemangonipiante.it\/de\/wp-json\/wp\/v2\/media\/4715"}],"wp:attachment":[{"href":"https:\/\/innocentiemangonipiante.it\/de\/wp-json\/wp\/v2\/media?parent=15421"}],"wp:term":[{"taxonomy":"product_brand","embeddable":true,"href":"https:\/\/innocentiemangonipiante.it\/de\/wp-json\/wp\/v2\/product_brand?post=15421"},{"taxonomy":"product_cat","embeddable":true,"href":"https:\/\/innocentiemangonipiante.it\/de\/wp-json\/wp\/v2\/product_cat?post=15421"},{"taxonomy":"product_tag","embeddable":true,"href":"https:\/\/innocentiemangonipiante.it\/de\/wp-json\/wp\/v2\/product_tag?post=15421"}],"curies":[{"name":"wp","href":"https:\/\/api.w.org\/{rel}","templated":true}]}}