{"id":15422,"date":"2023-11-04T02:26:46","date_gmt":"2023-11-04T01:26:46","guid":{"rendered":"http:\/\/innocentiemangonipiante.it\/pittosporum-tenuifolium-silver-queen\/"},"modified":"2023-11-06T19:36:32","modified_gmt":"2023-11-06T18:36:32","slug":"pittosporum-tenuifolium-silver-queen","status":"publish","type":"product","link":"https:\/\/innocentiemangonipiante.it\/de\/pittosporum-tenuifolium-silver-queen\/","title":{"rendered":"PITTOSPORUM tenuifolium &#8218;Silver Queen&#8216;"},"content":{"rendered":"<p>Immergr\u00fcner Strauch. Wechselst\u00e4ndige, eif\u00f6rmige, 2-4 cm lange hellgr\u00fcne Bl\u00e4tter mit creme-wei\u00dfen R\u00e4ndern.<\/p>\n","protected":false},"excerpt":{"rendered":"<p>Immergr\u00fcner Strauch. Wechselst\u00e4ndige, eif\u00f6rmige, 2-4 cm lange hellgr\u00fcne Bl\u00e4tter mit creme-wei\u00dfen R\u00e4ndern.<\/p>\n","protected":false},"featured_media":4708,"template":"","meta":{"_acf_changed":false},"product_brand":[],"product_cat":[8816],"product_tag":[10898],"class_list":{"0":"post-15422","1":"product","2":"type-product","3":"status-publish","4":"has-post-thumbnail","6":"product_cat-hartnaeckige-baeume-und-straeucher","7":"product_tag-naturlichen","8":"pa_altezza-massima-200-de","9":"pa_altezza-massima-300-de","10":"pa_colore-delle-foglie-vielfaeltigen","11":"pa_colore-fioritura-burgund","12":"pa_condizionamento-clt-de","13":"pa_condizionamento-jungplanzen","14":"pa_famiglia-pittosporaceae-de","15":"pa_genere-pittosporum-de","16":"pa_origine-neuseeland-de","17":"pa_periodo-fioritura-april-de","18":"pa_periodo-fioritura-mai-de","19":"pa_portamento-eretto-de","20":"pa_profumo-intensiv","21":"pa_resistenza-climatica-mittel","22":"pa_resistenza-del-suolo-bestandig-gegen-kalkhaltige-boden","23":"pa_resistenza-del-suolo-bestandig-gegen-trockene-boden","24":"pa_salinita-bestaendigkeit-in-meeresluft","25":"pa_utilizzo-hecken","26":"pa_utilizzo-kleine-gaerten","27":"pa_utilizzo-parks-de","29":"first","30":"instock","31":"purchasable","32":"product-type-simple"},"acf":[],"_links":{"self":[{"href":"https:\/\/innocentiemangonipiante.it\/de\/wp-json\/wp\/v2\/product\/15422","targetHints":{"allow":["GET"]}}],"collection":[{"href":"https:\/\/innocentiemangonipiante.it\/de\/wp-json\/wp\/v2\/product"}],"about":[{"href":"https:\/\/innocentiemangonipiante.it\/de\/wp-json\/wp\/v2\/types\/product"}],"wp:featuredmedia":[{"embeddable":true,"href":"https:\/\/innocentiemangonipiante.it\/de\/wp-json\/wp\/v2\/media\/4708"}],"wp:attachment":[{"href":"https:\/\/innocentiemangonipiante.it\/de\/wp-json\/wp\/v2\/media?parent=15422"}],"wp:term":[{"taxonomy":"product_brand","embeddable":true,"href":"https:\/\/innocentiemangonipiante.it\/de\/wp-json\/wp\/v2\/product_brand?post=15422"},{"taxonomy":"product_cat","embeddable":true,"href":"https:\/\/innocentiemangonipiante.it\/de\/wp-json\/wp\/v2\/product_cat?post=15422"},{"taxonomy":"product_tag","embeddable":true,"href":"https:\/\/innocentiemangonipiante.it\/de\/wp-json\/wp\/v2\/product_tag?post=15422"}],"curies":[{"name":"wp","href":"https:\/\/api.w.org\/{rel}","templated":true}]}}