{"id":15423,"date":"2023-11-04T02:26:39","date_gmt":"2023-11-04T01:26:39","guid":{"rendered":"http:\/\/innocentiemangonipiante.it\/pittosporum-tenuifolium-pom-pom\/"},"modified":"2023-11-06T19:36:29","modified_gmt":"2023-11-06T18:36:29","slug":"pittosporum-tenuifolium-pom-pom","status":"publish","type":"product","link":"https:\/\/innocentiemangonipiante.it\/de\/pittosporum-tenuifolium-pom-pom\/","title":{"rendered":"PITTOSPORUM tenuifolium &#8218;Pom Pom&#8216; \u00ae"},"content":{"rendered":"<p>Runder Strauch mit kleinen leuchtend gr\u00fcnen Bl\u00e4ttern an schwarzen Zweigen. Sehr trockenheitsbest\u00e4ndige Sorte.<\/p>\n","protected":false},"excerpt":{"rendered":"<p>Runder Strauch mit kleinen leuchtend gr\u00fcnen Bl\u00e4ttern an schwarzen Zweigen. Sehr trockenheitsbest\u00e4ndige Sorte.<\/p>\n","protected":false},"featured_media":0,"template":"","meta":{"_acf_changed":false},"product_brand":[],"product_cat":[8816],"product_tag":[10898],"class_list":{"0":"post-15423","1":"product","2":"type-product","3":"status-publish","5":"product_cat-hartnaeckige-baeume-und-straeucher","6":"product_tag-naturlichen","7":"pa_altezza-massima-100-de","8":"pa_altezza-massima-150-de","9":"pa_colore-fioritura-violett","10":"pa_condizionamento-clt-de","11":"pa_famiglia-pittosporaceae-de","12":"pa_genere-pittosporum-de","13":"pa_origine-neuseeland-de","14":"pa_periodo-fioritura-juni","15":"pa_periodo-fioritura-mai-de","16":"pa_portamento-arrotondato-de","17":"pa_profumo-intensiv","18":"pa_resistenza-climatica-mittel","19":"pa_resistenza-del-suolo-bestandig-gegen-kalkhaltige-boden","20":"pa_resistenza-del-suolo-bestandig-gegen-trockene-boden","21":"pa_salinita-bestaendigkeit-in-meeresluft","22":"pa_utilizzo-balkone","23":"pa_utilizzo-kleine-gaerten","25":"first","26":"instock","27":"purchasable","28":"product-type-simple"},"acf":[],"_links":{"self":[{"href":"https:\/\/innocentiemangonipiante.it\/de\/wp-json\/wp\/v2\/product\/15423","targetHints":{"allow":["GET"]}}],"collection":[{"href":"https:\/\/innocentiemangonipiante.it\/de\/wp-json\/wp\/v2\/product"}],"about":[{"href":"https:\/\/innocentiemangonipiante.it\/de\/wp-json\/wp\/v2\/types\/product"}],"wp:attachment":[{"href":"https:\/\/innocentiemangonipiante.it\/de\/wp-json\/wp\/v2\/media?parent=15423"}],"wp:term":[{"taxonomy":"product_brand","embeddable":true,"href":"https:\/\/innocentiemangonipiante.it\/de\/wp-json\/wp\/v2\/product_brand?post=15423"},{"taxonomy":"product_cat","embeddable":true,"href":"https:\/\/innocentiemangonipiante.it\/de\/wp-json\/wp\/v2\/product_cat?post=15423"},{"taxonomy":"product_tag","embeddable":true,"href":"https:\/\/innocentiemangonipiante.it\/de\/wp-json\/wp\/v2\/product_tag?post=15423"}],"curies":[{"name":"wp","href":"https:\/\/api.w.org\/{rel}","templated":true}]}}