{"id":15424,"date":"2023-11-04T02:26:33","date_gmt":"2023-11-04T01:26:33","guid":{"rendered":"http:\/\/innocentiemangonipiante.it\/pittosporum-tenuifolium-golf-ball\/"},"modified":"2023-11-06T19:36:27","modified_gmt":"2023-11-06T18:36:27","slug":"pittosporum-tenuifolium-golf-ball","status":"publish","type":"product","link":"https:\/\/innocentiemangonipiante.it\/de\/pittosporum-tenuifolium-golf-ball\/","title":{"rendered":"PITTOSPORUM tenuifolium &#8218;Golf Ball&#8216; \u00ae"},"content":{"rendered":"<p>Pittosporum Golf Ball ist ein immergr\u00fcner Strauch, der bis zu 1,5 m hoch und breit und noch mehr wachsen kann, wenn nicht beschnitten wird. Nat\u00fcrliche abgerundete Form. Das Laub hat eine frische gr\u00fcne Farbe.<\/p>\n","protected":false},"excerpt":{"rendered":"<p>Pittosporum Golf Ball ist ein immergr\u00fcner Strauch, der bis zu 1,5 m hoch und breit und noch mehr wachsen kann, wenn nicht beschnitten wird. Nat\u00fcrliche abgerundete Form. Das Laub hat eine frische gr\u00fcne Farbe.<\/p>\n","protected":false},"featured_media":4701,"template":"","meta":{"_acf_changed":false},"product_brand":[],"product_cat":[8816],"product_tag":[10898],"class_list":{"0":"post-15424","1":"product","2":"type-product","3":"status-publish","4":"has-post-thumbnail","6":"product_cat-hartnaeckige-baeume-und-straeucher","7":"product_tag-naturlichen","8":"pa_altezza-massima-0_50-meter","9":"pa_altezza-massima-150-de","10":"pa_colore-fioritura-weis","11":"pa_condizionamento-clt-de","12":"pa_condizionamento-jungplanzen","13":"pa_famiglia-pittosporaceae-de","14":"pa_genere-pittosporum-de","15":"pa_origine-u-s-a","16":"pa_periodo-fioritura-juni","17":"pa_periodo-fioritura-mai-de","18":"pa_portamento-arrotondato-de","19":"pa_profumo-intensiv","20":"pa_resistenza-climatica-mittel","21":"pa_resistenza-del-suolo-bestandig-gegen-kalkhaltige-boden","22":"pa_resistenza-del-suolo-bestandig-gegen-trockene-boden","23":"pa_salinita-bestaendigkeit-in-meeresluft","24":"pa_utilizzo-balkone","25":"pa_utilizzo-hecken","26":"pa_utilizzo-kleine-gaerten","28":"first","29":"instock","30":"purchasable","31":"product-type-simple"},"acf":[],"_links":{"self":[{"href":"https:\/\/innocentiemangonipiante.it\/de\/wp-json\/wp\/v2\/product\/15424","targetHints":{"allow":["GET"]}}],"collection":[{"href":"https:\/\/innocentiemangonipiante.it\/de\/wp-json\/wp\/v2\/product"}],"about":[{"href":"https:\/\/innocentiemangonipiante.it\/de\/wp-json\/wp\/v2\/types\/product"}],"wp:featuredmedia":[{"embeddable":true,"href":"https:\/\/innocentiemangonipiante.it\/de\/wp-json\/wp\/v2\/media\/4701"}],"wp:attachment":[{"href":"https:\/\/innocentiemangonipiante.it\/de\/wp-json\/wp\/v2\/media?parent=15424"}],"wp:term":[{"taxonomy":"product_brand","embeddable":true,"href":"https:\/\/innocentiemangonipiante.it\/de\/wp-json\/wp\/v2\/product_brand?post=15424"},{"taxonomy":"product_cat","embeddable":true,"href":"https:\/\/innocentiemangonipiante.it\/de\/wp-json\/wp\/v2\/product_cat?post=15424"},{"taxonomy":"product_tag","embeddable":true,"href":"https:\/\/innocentiemangonipiante.it\/de\/wp-json\/wp\/v2\/product_tag?post=15424"}],"curies":[{"name":"wp","href":"https:\/\/api.w.org\/{rel}","templated":true}]}}