{"id":15425,"date":"2023-11-04T02:26:18","date_gmt":"2023-11-04T01:26:18","guid":{"rendered":"http:\/\/innocentiemangonipiante.it\/pittosporum-tenuifolium\/"},"modified":"2023-11-06T19:36:20","modified_gmt":"2023-11-06T18:36:20","slug":"pittosporum-tenuifolium","status":"publish","type":"product","link":"https:\/\/innocentiemangonipiante.it\/de\/pittosporum-tenuifolium\/","title":{"rendered":"PITTOSPORUM tenuifolium"},"content":{"rendered":"<p>Stark s\u00e4ulenartiger immergr\u00fcner Strauch mit schlanken, dunklen Knospen. Die eif\u00f6rmigen Bl\u00e4tter sind gl\u00e4nzend gelb und haben einen gewellten Rand. Er bringt im sp\u00e4ten Fr\u00fchjahr kleine violette Bl\u00fcten hervor, die einen intensiven Honiggeruch verstr\u00f6men.<\/p>\n","protected":false},"excerpt":{"rendered":"<p>Stark s\u00e4ulenartiger immergr\u00fcner Strauch mit schlanken, dunklen Knospen. Die eif\u00f6rmigen Bl\u00e4tter sind gl\u00e4nzend gelb und haben einen gewellten Rand. Er bringt im sp\u00e4ten Fr\u00fchjahr kleine violette Bl\u00fcten hervor, die einen intensiven Honiggeruch verstr\u00f6men.<\/p>\n","protected":false},"featured_media":4695,"template":"","meta":{"_acf_changed":false},"product_brand":[],"product_cat":[8816],"product_tag":[10898],"class_list":{"0":"post-15425","1":"product","2":"type-product","3":"status-publish","4":"has-post-thumbnail","6":"product_cat-hartnaeckige-baeume-und-straeucher","7":"product_tag-naturlichen","8":"pa_altezza-massima-400-de","9":"pa_altezza-massima-500-de","10":"pa_colore-fioritura-violett","11":"pa_condizionamento-clt-de","12":"pa_condizionamento-jungplanzen","13":"pa_famiglia-pittosporaceae-de","14":"pa_genere-pittosporum-de","15":"pa_origine-neuseeland-de","16":"pa_periodo-fioritura-mai-de","17":"pa_portamento-saulenformig","18":"pa_profumo-intensiv","19":"pa_resistenza-climatica-mittel","20":"pa_resistenza-del-suolo-bestandig-gegen-kalkhaltige-boden","21":"pa_resistenza-del-suolo-bestandig-gegen-trockene-boden","22":"pa_utilizzo-hecken","23":"pa_utilizzo-kleine-gaerten","24":"pa_utilizzo-parks-de","26":"first","27":"instock","28":"purchasable","29":"product-type-simple"},"acf":[],"_links":{"self":[{"href":"https:\/\/innocentiemangonipiante.it\/de\/wp-json\/wp\/v2\/product\/15425","targetHints":{"allow":["GET"]}}],"collection":[{"href":"https:\/\/innocentiemangonipiante.it\/de\/wp-json\/wp\/v2\/product"}],"about":[{"href":"https:\/\/innocentiemangonipiante.it\/de\/wp-json\/wp\/v2\/types\/product"}],"wp:featuredmedia":[{"embeddable":true,"href":"https:\/\/innocentiemangonipiante.it\/de\/wp-json\/wp\/v2\/media\/4695"}],"wp:attachment":[{"href":"https:\/\/innocentiemangonipiante.it\/de\/wp-json\/wp\/v2\/media?parent=15425"}],"wp:term":[{"taxonomy":"product_brand","embeddable":true,"href":"https:\/\/innocentiemangonipiante.it\/de\/wp-json\/wp\/v2\/product_brand?post=15425"},{"taxonomy":"product_cat","embeddable":true,"href":"https:\/\/innocentiemangonipiante.it\/de\/wp-json\/wp\/v2\/product_cat?post=15425"},{"taxonomy":"product_tag","embeddable":true,"href":"https:\/\/innocentiemangonipiante.it\/de\/wp-json\/wp\/v2\/product_tag?post=15425"}],"curies":[{"name":"wp","href":"https:\/\/api.w.org\/{rel}","templated":true}]}}