{"id":15427,"date":"2023-11-04T02:27:22","date_gmt":"2023-11-04T01:27:22","guid":{"rendered":"http:\/\/innocentiemangonipiante.it\/pittosporum-tobira-variegatum\/"},"modified":"2023-11-06T19:36:58","modified_gmt":"2023-11-06T18:36:58","slug":"pittosporum-tobira-variegatum","status":"publish","type":"product","link":"https:\/\/innocentiemangonipiante.it\/de\/pittosporum-tobira-variegatum\/","title":{"rendered":"PITTOSPORUM tobira &#8218;Variegatum&#8216;"},"content":{"rendered":"<p>Der Wuchs ist kompakter und die Bl\u00e4tter kleiner wie die Grundsorte. Weissfarbige, unregelm\u00e4\u00dfige Blatt-R\u00e4ndern.<\/p>\n","protected":false},"excerpt":{"rendered":"<p>Der Wuchs ist kompakter und die Bl\u00e4tter kleiner wie die Grundsorte. Weissfarbige, unregelm\u00e4\u00dfige Blatt-R\u00e4ndern.<\/p>\n","protected":false},"featured_media":4733,"template":"","meta":{"_acf_changed":false},"product_brand":[],"product_cat":[8816],"product_tag":[10898],"class_list":{"0":"post-15427","1":"product","2":"type-product","3":"status-publish","4":"has-post-thumbnail","6":"product_cat-hartnaeckige-baeume-und-straeucher","7":"product_tag-naturlichen","8":"pa_altezza-massima-300-de","9":"pa_altezza-massima-400-de","10":"pa_colore-delle-foglie-vielfaeltigen","11":"pa_colore-fioritura-gelbe","12":"pa_condizionamento-clt-de","13":"pa_famiglia-pittosporaceae-de","14":"pa_genere-pittosporum-de","15":"pa_origine-ostasien","16":"pa_periodo-fioritura-juni","17":"pa_portamento-arrotondato-de","18":"pa_profumo-intensiv","19":"pa_resistenza-climatica-pflanzen-mit-geringem-klimawiderstand","20":"pa_resistenza-del-suolo-bestandig-gegen-kalkhaltige-boden","21":"pa_resistenza-del-suolo-bestandig-gegen-trockene-boden","22":"pa_salinita-bestaendigkeit-in-meeresluft","23":"pa_utilizzo-hecken","24":"pa_utilizzo-kleine-gaerten","25":"pa_utilizzo-parks-de","27":"first","28":"instock","29":"purchasable","30":"product-type-simple"},"acf":[],"_links":{"self":[{"href":"https:\/\/innocentiemangonipiante.it\/de\/wp-json\/wp\/v2\/product\/15427","targetHints":{"allow":["GET"]}}],"collection":[{"href":"https:\/\/innocentiemangonipiante.it\/de\/wp-json\/wp\/v2\/product"}],"about":[{"href":"https:\/\/innocentiemangonipiante.it\/de\/wp-json\/wp\/v2\/types\/product"}],"wp:featuredmedia":[{"embeddable":true,"href":"https:\/\/innocentiemangonipiante.it\/de\/wp-json\/wp\/v2\/media\/4733"}],"wp:attachment":[{"href":"https:\/\/innocentiemangonipiante.it\/de\/wp-json\/wp\/v2\/media?parent=15427"}],"wp:term":[{"taxonomy":"product_brand","embeddable":true,"href":"https:\/\/innocentiemangonipiante.it\/de\/wp-json\/wp\/v2\/product_brand?post=15427"},{"taxonomy":"product_cat","embeddable":true,"href":"https:\/\/innocentiemangonipiante.it\/de\/wp-json\/wp\/v2\/product_cat?post=15427"},{"taxonomy":"product_tag","embeddable":true,"href":"https:\/\/innocentiemangonipiante.it\/de\/wp-json\/wp\/v2\/product_tag?post=15427"}],"curies":[{"name":"wp","href":"https:\/\/api.w.org\/{rel}","templated":true}]}}