{"id":15429,"date":"2023-11-04T02:27:05","date_gmt":"2023-11-04T01:27:05","guid":{"rendered":"http:\/\/innocentiemangonipiante.it\/pittosporum-tobira\/"},"modified":"2023-11-06T19:36:42","modified_gmt":"2023-11-06T18:36:42","slug":"pittosporum-tobira","status":"publish","type":"product","link":"https:\/\/innocentiemangonipiante.it\/de\/pittosporum-tobira\/","title":{"rendered":"PITTOSPORUM tobira"},"content":{"rendered":"<p>Gro\u00dfer rundlicher und dichter Strauch mit robusten aufrecht stehenden \u00c4sten und wechselst\u00e4ndigen, eif\u00f6rmigen und ledernen Bl\u00e4ttern, die intensiv gr\u00fcn auf der Oberseite, heller und gl\u00e4nzend auf der Unterseite sind. Sommeranfang tr\u00e4gt er Str\u00e4u\u00dfchen mit duftenden creme-wei\u00dfen und gelben Glockenbl\u00fcten.<\/p>\n","protected":false},"excerpt":{"rendered":"<p>Gro\u00dfer rundlicher und dichter Strauch mit robusten aufrecht stehenden \u00c4sten und wechselst\u00e4ndigen, eif\u00f6rmigen und ledernen Bl\u00e4ttern, die intensiv gr\u00fcn auf der Oberseite, heller und gl\u00e4nzend auf der Unterseite sind. Sommeranfang tr\u00e4gt er Str\u00e4u\u00dfchen mit duftenden creme-wei\u00dfen und gelben Glockenbl\u00fcten.<\/p>\n","protected":false},"featured_media":4721,"template":"","meta":{"_acf_changed":false},"product_brand":[],"product_cat":[8816,9231],"product_tag":[10898,8565,8401,8487,8705,8498],"class_list":{"0":"post-15429","1":"product","2":"type-product","3":"status-publish","4":"has-post-thumbnail","6":"product_cat-hartnaeckige-baeume-und-straeucher","7":"product_cat-baume-und-pflanzen-der-zukunft","8":"product_tag-naturlichen","9":"product_tag-halbstamm","10":"product_tag-hochstamm","11":"product_tag-kasten","12":"product_tag-kugel","13":"product_tag-mehrstammig-mit-schirmformiger-krone","14":"pa_altezza-massima-300-de","15":"pa_altezza-massima-600-de","16":"pa_colore-fioritura-gelbe","17":"pa_condizionamento-clt-de","18":"pa_famiglia-pittosporaceae-de","19":"pa_genere-pittosporum-de","20":"pa_inquinamento-bestaendigkeit-gegen-smog","21":"pa_origine-ostasien","22":"pa_periodo-fioritura-juni","23":"pa_portamento-arrotondato-de","24":"pa_profumo-intensiv","25":"pa_resistenza-climatica-pflanzen-mit-geringem-klimawiderstand","26":"pa_resistenza-del-suolo-bestandig-gegen-kalkhaltige-boden","27":"pa_resistenza-del-suolo-bestandig-gegen-trockene-boden","28":"pa_salinita-bestaendigkeit-in-meeresluft","29":"pa_utilizzo-hecken","30":"pa_utilizzo-kleine-gaerten","31":"pa_utilizzo-parks-de","33":"first","34":"instock","35":"purchasable","36":"product-type-simple"},"acf":[],"_links":{"self":[{"href":"https:\/\/innocentiemangonipiante.it\/de\/wp-json\/wp\/v2\/product\/15429","targetHints":{"allow":["GET"]}}],"collection":[{"href":"https:\/\/innocentiemangonipiante.it\/de\/wp-json\/wp\/v2\/product"}],"about":[{"href":"https:\/\/innocentiemangonipiante.it\/de\/wp-json\/wp\/v2\/types\/product"}],"wp:featuredmedia":[{"embeddable":true,"href":"https:\/\/innocentiemangonipiante.it\/de\/wp-json\/wp\/v2\/media\/4721"}],"wp:attachment":[{"href":"https:\/\/innocentiemangonipiante.it\/de\/wp-json\/wp\/v2\/media?parent=15429"}],"wp:term":[{"taxonomy":"product_brand","embeddable":true,"href":"https:\/\/innocentiemangonipiante.it\/de\/wp-json\/wp\/v2\/product_brand?post=15429"},{"taxonomy":"product_cat","embeddable":true,"href":"https:\/\/innocentiemangonipiante.it\/de\/wp-json\/wp\/v2\/product_cat?post=15429"},{"taxonomy":"product_tag","embeddable":true,"href":"https:\/\/innocentiemangonipiante.it\/de\/wp-json\/wp\/v2\/product_tag?post=15429"}],"curies":[{"name":"wp","href":"https:\/\/api.w.org\/{rel}","templated":true}]}}