{"id":15430,"date":"2023-11-04T02:27:51","date_gmt":"2023-11-04T01:27:51","guid":{"rendered":"http:\/\/innocentiemangonipiante.it\/platanus-orientalis-minaret\/"},"modified":"2023-11-06T19:37:13","modified_gmt":"2023-11-06T18:37:13","slug":"platanus-orientalis-minaret","status":"publish","type":"product","link":"https:\/\/innocentiemangonipiante.it\/de\/platanus-orientalis-minaret\/","title":{"rendered":"PLATANUS orientalis &#8218;Minaret&#8216;"},"content":{"rendered":"<p>Breit S\u00e4ulen Laubbaum. Die graue Rinde sch\u00e4lt sich in kleinen feinen Platten ab und l\u00e4\u00dft die braun-cremefarbene T\u00f6nung des Stammes hervortreten. Die Bl\u00e4tter sind gl\u00e4nzend dunkelgr\u00fcn und sind auch in 5 tief eingeschnittene Lappen geteilt.<\/p>\n","protected":false},"excerpt":{"rendered":"<p>Breit S\u00e4ulen Laubbaum. Die graue Rinde sch\u00e4lt sich in kleinen feinen Platten ab und l\u00e4\u00dft die braun-cremefarbene T\u00f6nung des Stammes hervortreten. Die Bl\u00e4tter sind gl\u00e4nzend dunkelgr\u00fcn und sind auch in 5 tief eingeschnittene Lappen geteilt.<\/p>\n","protected":false},"featured_media":4762,"template":"","meta":{"_acf_changed":false},"product_brand":[],"product_cat":[8813],"product_tag":[10898,8401],"class_list":{"0":"post-15430","1":"product","2":"type-product","3":"status-publish","4":"has-post-thumbnail","6":"product_cat-laubbaume-und-straucher","7":"product_tag-naturlichen","8":"product_tag-hochstamm","9":"pa_altezza-massima-800-de","10":"pa_altezza-massima-12-meter","11":"pa_condizionamento-m-de","12":"pa_famiglia-platanaceae-de","13":"pa_genere-platanus-de","14":"pa_inquinamento-bestaendigkeit-gegen-smog","15":"pa_origine-holland-de","16":"pa_portamento-saulenformig","17":"pa_resistenza-climatica-sehr-hoch","18":"pa_resistenza-del-suolo-resistent-gegen-arme-boeden","19":"pa_utilizzo-alleen","20":"pa_utilizzo-parks-de","22":"first","23":"instock","24":"purchasable","25":"product-type-simple"},"acf":[],"_links":{"self":[{"href":"https:\/\/innocentiemangonipiante.it\/de\/wp-json\/wp\/v2\/product\/15430","targetHints":{"allow":["GET"]}}],"collection":[{"href":"https:\/\/innocentiemangonipiante.it\/de\/wp-json\/wp\/v2\/product"}],"about":[{"href":"https:\/\/innocentiemangonipiante.it\/de\/wp-json\/wp\/v2\/types\/product"}],"wp:featuredmedia":[{"embeddable":true,"href":"https:\/\/innocentiemangonipiante.it\/de\/wp-json\/wp\/v2\/media\/4762"}],"wp:attachment":[{"href":"https:\/\/innocentiemangonipiante.it\/de\/wp-json\/wp\/v2\/media?parent=15430"}],"wp:term":[{"taxonomy":"product_brand","embeddable":true,"href":"https:\/\/innocentiemangonipiante.it\/de\/wp-json\/wp\/v2\/product_brand?post=15430"},{"taxonomy":"product_cat","embeddable":true,"href":"https:\/\/innocentiemangonipiante.it\/de\/wp-json\/wp\/v2\/product_cat?post=15430"},{"taxonomy":"product_tag","embeddable":true,"href":"https:\/\/innocentiemangonipiante.it\/de\/wp-json\/wp\/v2\/product_tag?post=15430"}],"curies":[{"name":"wp","href":"https:\/\/api.w.org\/{rel}","templated":true}]}}