{"id":15432,"date":"2023-11-04T02:27:37","date_gmt":"2023-11-04T01:27:37","guid":{"rendered":"http:\/\/innocentiemangonipiante.it\/platanus-orientalis-cuneata\/"},"modified":"2023-11-06T19:37:08","modified_gmt":"2023-11-06T18:37:08","slug":"platanus-orientalis-cuneata","status":"publish","type":"product","link":"https:\/\/innocentiemangonipiante.it\/de\/platanus-orientalis-cuneata\/","title":{"rendered":"PLATANUS orientalis &#8218;Cuneata&#8216;"},"content":{"rendered":"<p>Drei oder f\u00fcnf-lappige, gez\u00e4hnte Bl\u00e4tter, \u00e4hnlich wie denen eines Ahorns.<\/p>\n","protected":false},"excerpt":{"rendered":"<p>Drei oder f\u00fcnf-lappige, gez\u00e4hnte Bl\u00e4tter, \u00e4hnlich wie denen eines Ahorns.<\/p>\n","protected":false},"featured_media":4750,"template":"","meta":{"_acf_changed":false},"product_brand":[],"product_cat":[8813],"product_tag":[10898,8401],"class_list":{"0":"post-15432","1":"product","2":"type-product","3":"status-publish","4":"has-post-thumbnail","6":"product_cat-laubbaume-und-straucher","7":"product_tag-naturlichen","8":"product_tag-hochstamm","9":"pa_altezza-massima-20-meter","10":"pa_altezza-massima-30-meter","11":"pa_condizionamento-clt-de","12":"pa_condizionamento-m-de","13":"pa_famiglia-platanaceae-de","14":"pa_genere-platanus-de","15":"pa_inquinamento-bestaendigkeit-gegen-smog","16":"pa_origine-ostasien","17":"pa_portamento-arrotondato-de","18":"pa_resistenza-climatica-sehr-hoch","19":"pa_resistenza-del-suolo-resistent-gegen-arme-boeden","20":"pa_utilizzo-alleen","21":"pa_utilizzo-kleine-gaerten","22":"pa_utilizzo-parks-de","24":"first","25":"instock","26":"purchasable","27":"product-type-simple"},"acf":[],"_links":{"self":[{"href":"https:\/\/innocentiemangonipiante.it\/de\/wp-json\/wp\/v2\/product\/15432","targetHints":{"allow":["GET"]}}],"collection":[{"href":"https:\/\/innocentiemangonipiante.it\/de\/wp-json\/wp\/v2\/product"}],"about":[{"href":"https:\/\/innocentiemangonipiante.it\/de\/wp-json\/wp\/v2\/types\/product"}],"wp:featuredmedia":[{"embeddable":true,"href":"https:\/\/innocentiemangonipiante.it\/de\/wp-json\/wp\/v2\/media\/4750"}],"wp:attachment":[{"href":"https:\/\/innocentiemangonipiante.it\/de\/wp-json\/wp\/v2\/media?parent=15432"}],"wp:term":[{"taxonomy":"product_brand","embeddable":true,"href":"https:\/\/innocentiemangonipiante.it\/de\/wp-json\/wp\/v2\/product_brand?post=15432"},{"taxonomy":"product_cat","embeddable":true,"href":"https:\/\/innocentiemangonipiante.it\/de\/wp-json\/wp\/v2\/product_cat?post=15432"},{"taxonomy":"product_tag","embeddable":true,"href":"https:\/\/innocentiemangonipiante.it\/de\/wp-json\/wp\/v2\/product_tag?post=15432"}],"curies":[{"name":"wp","href":"https:\/\/api.w.org\/{rel}","templated":true}]}}