{"id":15433,"date":"2023-11-04T02:27:30","date_gmt":"2023-11-04T01:27:30","guid":{"rendered":"http:\/\/innocentiemangonipiante.it\/platanus-orientalis\/"},"modified":"2023-11-06T19:37:05","modified_gmt":"2023-11-06T18:37:05","slug":"platanus-orientalis","status":"publish","type":"product","link":"https:\/\/innocentiemangonipiante.it\/de\/platanus-orientalis\/","title":{"rendered":"PLATANUS orientalis"},"content":{"rendered":"<p>Sommergr\u00fcner kr\u00e4ftiger ausladender Baum mit grau, braun und cremefarben gefleckter Rinde. Die 25 cm langen Bl\u00e4tter haben 5 tiefe Lappen und gl\u00e4nzen dunkelgr\u00fcn.<\/p>\n","protected":false},"excerpt":{"rendered":"<p>Sommergr\u00fcner kr\u00e4ftiger ausladender Baum mit grau, braun und cremefarben gefleckter Rinde. Die 25 cm langen Bl\u00e4tter haben 5 tiefe Lappen und gl\u00e4nzen dunkelgr\u00fcn.<\/p>\n","protected":false},"featured_media":4744,"template":"","meta":{"_acf_changed":false},"product_brand":[],"product_cat":[8813,9231],"product_tag":[10898,8401],"class_list":{"0":"post-15433","1":"product","2":"type-product","3":"status-publish","4":"has-post-thumbnail","6":"product_cat-laubbaume-und-straucher","7":"product_cat-baume-und-pflanzen-der-zukunft","8":"product_tag-naturlichen","9":"product_tag-hochstamm","10":"pa_altezza-massima-20-meter","11":"pa_altezza-massima-30-meter","12":"pa_condizionamento-m-de","13":"pa_famiglia-platanaceae-de","14":"pa_genere-platanus-de","15":"pa_inquinamento-bestaendigkeit-gegen-smog","16":"pa_origine-sudeuropa-de","17":"pa_portamento-arrotondato-de","18":"pa_resistenza-climatica-sehr-hoch","19":"pa_resistenza-del-suolo-resistent-gegen-arme-boeden","20":"pa_utilizzo-alleen","21":"pa_utilizzo-parks-de","23":"first","24":"instock","25":"purchasable","26":"product-type-simple"},"acf":[],"_links":{"self":[{"href":"https:\/\/innocentiemangonipiante.it\/de\/wp-json\/wp\/v2\/product\/15433","targetHints":{"allow":["GET"]}}],"collection":[{"href":"https:\/\/innocentiemangonipiante.it\/de\/wp-json\/wp\/v2\/product"}],"about":[{"href":"https:\/\/innocentiemangonipiante.it\/de\/wp-json\/wp\/v2\/types\/product"}],"wp:featuredmedia":[{"embeddable":true,"href":"https:\/\/innocentiemangonipiante.it\/de\/wp-json\/wp\/v2\/media\/4744"}],"wp:attachment":[{"href":"https:\/\/innocentiemangonipiante.it\/de\/wp-json\/wp\/v2\/media?parent=15433"}],"wp:term":[{"taxonomy":"product_brand","embeddable":true,"href":"https:\/\/innocentiemangonipiante.it\/de\/wp-json\/wp\/v2\/product_brand?post=15433"},{"taxonomy":"product_cat","embeddable":true,"href":"https:\/\/innocentiemangonipiante.it\/de\/wp-json\/wp\/v2\/product_cat?post=15433"},{"taxonomy":"product_tag","embeddable":true,"href":"https:\/\/innocentiemangonipiante.it\/de\/wp-json\/wp\/v2\/product_tag?post=15433"}],"curies":[{"name":"wp","href":"https:\/\/api.w.org\/{rel}","templated":true}]}}