{"id":15434,"date":"2023-11-04T02:28:06","date_gmt":"2023-11-04T01:28:06","guid":{"rendered":"http:\/\/innocentiemangonipiante.it\/platanus-x-acerifolia-alphens-globe\/"},"modified":"2023-11-06T19:37:20","modified_gmt":"2023-11-06T18:37:20","slug":"platanus-x-acerifolia-alphens-globe","status":"publish","type":"product","link":"https:\/\/innocentiemangonipiante.it\/de\/platanus-x-acerifolia-alphens-globe\/","title":{"rendered":"PLATANUS x acerifolia &#8218;Alphen&#8217;s Globe&#8216;"},"content":{"rendered":"<p>Sommergr\u00fcner Baum mit einem lagsamen Wachstum und einem kompakten rundlichen Wuchs. 3-5-l\u00e4ppige dunkelgr\u00fcne Bl\u00e4tter \u00e4hnlich die vom P. Acerifolia.<\/p>\n","protected":false},"excerpt":{"rendered":"<p>Sommergr\u00fcner Baum mit einem lagsamen Wachstum und einem kompakten rundlichen Wuchs. 3-5-l\u00e4ppige dunkelgr\u00fcne Bl\u00e4tter \u00e4hnlich die vom P. Acerifolia.<\/p>\n","protected":false},"featured_media":23980,"template":"","meta":{"_acf_changed":false},"product_brand":[],"product_cat":[8813],"product_tag":[10898,8401],"class_list":{"0":"post-15434","1":"product","2":"type-product","3":"status-publish","4":"has-post-thumbnail","6":"product_cat-laubbaume-und-straucher","7":"product_tag-naturlichen","8":"product_tag-hochstamm","9":"pa_altezza-massima-600-de","10":"pa_altezza-massima-900-de","11":"pa_condizionamento-clt-de","12":"pa_condizionamento-m-de","13":"pa_famiglia-platanaceae-de","14":"pa_genere-platanus-de","15":"pa_inquinamento-bestaendigkeit-gegen-smog","16":"pa_origine-holland-de","17":"pa_portamento-arrotondato-de","18":"pa_resistenza-climatica-sehr-hoch","19":"pa_resistenza-del-suolo-bestandig-gegen-kalkhaltige-boden","20":"pa_resistenza-del-suolo-resistent-gegen-arme-boeden","21":"pa_salinita-bestaendigkeit-in-meeresluft","22":"pa_utilizzo-alleen","23":"pa_utilizzo-kleine-gaerten","25":"first","26":"instock","27":"purchasable","28":"product-type-simple"},"acf":[],"_links":{"self":[{"href":"https:\/\/innocentiemangonipiante.it\/de\/wp-json\/wp\/v2\/product\/15434","targetHints":{"allow":["GET"]}}],"collection":[{"href":"https:\/\/innocentiemangonipiante.it\/de\/wp-json\/wp\/v2\/product"}],"about":[{"href":"https:\/\/innocentiemangonipiante.it\/de\/wp-json\/wp\/v2\/types\/product"}],"wp:featuredmedia":[{"embeddable":true,"href":"https:\/\/innocentiemangonipiante.it\/de\/wp-json\/wp\/v2\/media\/23980"}],"wp:attachment":[{"href":"https:\/\/innocentiemangonipiante.it\/de\/wp-json\/wp\/v2\/media?parent=15434"}],"wp:term":[{"taxonomy":"product_brand","embeddable":true,"href":"https:\/\/innocentiemangonipiante.it\/de\/wp-json\/wp\/v2\/product_brand?post=15434"},{"taxonomy":"product_cat","embeddable":true,"href":"https:\/\/innocentiemangonipiante.it\/de\/wp-json\/wp\/v2\/product_cat?post=15434"},{"taxonomy":"product_tag","embeddable":true,"href":"https:\/\/innocentiemangonipiante.it\/de\/wp-json\/wp\/v2\/product_tag?post=15434"}],"curies":[{"name":"wp","href":"https:\/\/api.w.org\/{rel}","templated":true}]}}