{"id":15435,"date":"2023-11-04T02:27:59","date_gmt":"2023-11-04T01:27:59","guid":{"rendered":"http:\/\/innocentiemangonipiante.it\/platanus-x-acerifolia\/"},"modified":"2023-11-06T19:37:16","modified_gmt":"2023-11-06T18:37:16","slug":"platanus-x-acerifolia","status":"publish","type":"product","link":"https:\/\/innocentiemangonipiante.it\/de\/platanus-x-acerifolia\/","title":{"rendered":"PLATANUS x acerifolia"},"content":{"rendered":"<p>Sommergr\u00fcner kr\u00e4ftiger Baum. Die Bl\u00e4tter sind wechselst\u00e4ndig, drei- bis f\u00fcnflappig, breit und dreieckig, 12-15 cm lang. Die graue Rinde sch\u00e4lt sich in kleinen feinen Platten ab und l\u00e4\u00dft die braun-cremefarbene T\u00f6nung des Stammes hervortreten.<\/p>\n","protected":false},"excerpt":{"rendered":"<p>Sommergr\u00fcner kr\u00e4ftiger Baum. Die Bl\u00e4tter sind wechselst\u00e4ndig, drei- bis f\u00fcnflappig, breit und dreieckig, 12-15 cm lang. Die graue Rinde sch\u00e4lt sich in kleinen feinen Platten ab und l\u00e4\u00dft die braun-cremefarbene T\u00f6nung des Stammes hervortreten.<\/p>\n","protected":false},"featured_media":4768,"template":"","meta":{"_acf_changed":false},"product_brand":[],"product_cat":[8813],"product_tag":[10898,8401,8433,8425,8597],"class_list":{"0":"post-15435","1":"product","2":"type-product","3":"status-publish","4":"has-post-thumbnail","6":"product_cat-laubbaume-und-straucher","7":"product_tag-naturlichen","8":"product_tag-hochstamm","9":"product_tag-hochstamm-dach","10":"product_tag-hochstamm-spalier","11":"product_tag-multistamm","12":"pa_altezza-massima-30-meter","13":"pa_altezza-massima-40-meter","14":"pa_condizionamento-clt-de","15":"pa_condizionamento-m-de","16":"pa_famiglia-platanaceae-de","17":"pa_genere-platanus-de","18":"pa_inquinamento-bestaendigkeit-gegen-smog","19":"pa_origine-england-de","20":"pa_portamento-arrotondato-de","21":"pa_resistenza-climatica-sehr-hoch","22":"pa_resistenza-del-suolo-bestandig-gegen-kalkhaltige-boden","23":"pa_resistenza-del-suolo-resistent-gegen-arme-boeden","24":"pa_salinita-bestaendigkeit-in-meeresluft","25":"pa_utilizzo-alleen","26":"pa_utilizzo-kleine-gaerten","27":"pa_utilizzo-parks-de","29":"first","30":"instock","31":"purchasable","32":"product-type-simple"},"acf":[],"_links":{"self":[{"href":"https:\/\/innocentiemangonipiante.it\/de\/wp-json\/wp\/v2\/product\/15435","targetHints":{"allow":["GET"]}}],"collection":[{"href":"https:\/\/innocentiemangonipiante.it\/de\/wp-json\/wp\/v2\/product"}],"about":[{"href":"https:\/\/innocentiemangonipiante.it\/de\/wp-json\/wp\/v2\/types\/product"}],"wp:featuredmedia":[{"embeddable":true,"href":"https:\/\/innocentiemangonipiante.it\/de\/wp-json\/wp\/v2\/media\/4768"}],"wp:attachment":[{"href":"https:\/\/innocentiemangonipiante.it\/de\/wp-json\/wp\/v2\/media?parent=15435"}],"wp:term":[{"taxonomy":"product_brand","embeddable":true,"href":"https:\/\/innocentiemangonipiante.it\/de\/wp-json\/wp\/v2\/product_brand?post=15435"},{"taxonomy":"product_cat","embeddable":true,"href":"https:\/\/innocentiemangonipiante.it\/de\/wp-json\/wp\/v2\/product_cat?post=15435"},{"taxonomy":"product_tag","embeddable":true,"href":"https:\/\/innocentiemangonipiante.it\/de\/wp-json\/wp\/v2\/product_tag?post=15435"}],"curies":[{"name":"wp","href":"https:\/\/api.w.org\/{rel}","templated":true}]}}