{"id":15436,"date":"2023-11-04T02:28:21","date_gmt":"2023-11-04T01:28:21","guid":{"rendered":"http:\/\/innocentiemangonipiante.it\/plumbago-auriculata\/"},"modified":"2023-11-06T19:37:30","modified_gmt":"2023-11-06T18:37:30","slug":"plumbago-auriculata","status":"publish","type":"product","link":"https:\/\/innocentiemangonipiante.it\/de\/plumbago-auriculata\/","title":{"rendered":"PLUMBAGO auriculata"},"content":{"rendered":"<p>Immergr\u00fcner Strauch, Kletterpflanze. Vom Sommer bis zum Sp\u00e4therbst zu dichten Trauben geb\u00fcndelte hellblaue Bl\u00fcten.<\/p>\n","protected":false},"excerpt":{"rendered":"<p>Immergr\u00fcner Strauch, Kletterpflanze. Vom Sommer bis zum Sp\u00e4therbst zu dichten Trauben geb\u00fcndelte hellblaue Bl\u00fcten.<\/p>\n","protected":false},"featured_media":4775,"template":"","meta":{"_acf_changed":false},"product_brand":[],"product_cat":[8837],"product_tag":[10898],"class_list":{"0":"post-15436","1":"product","2":"type-product","3":"status-publish","4":"has-post-thumbnail","6":"product_cat-schlingpflanzen","7":"product_tag-naturlichen","8":"pa_altezza-massima-200-de","9":"pa_altezza-massima-400-de","10":"pa_colore-fioritura-hellblau","11":"pa_condizionamento-clt-de","12":"pa_famiglia-plumbaginaceae-de","13":"pa_genere-plumbago-de","14":"pa_origine-sudafrika","15":"pa_periodo-fioritura-august-de","16":"pa_periodo-fioritura-juli","17":"pa_periodo-fioritura-oktober","18":"pa_periodo-fioritura-september-de","19":"pa_portamento-schlingpflanze","20":"pa_resistenza-climatica-pflanzen-mit-geringem-klimawiderstand","21":"pa_resistenza-del-suolo-bestandig-gegen-trockene-boden","22":"pa_salinita-bestaendigkeit-in-meeresluft","23":"pa_utilizzo-balkone","24":"pa_utilizzo-kleine-gaerten","26":"first","27":"instock","28":"purchasable","29":"product-type-simple"},"acf":[],"_links":{"self":[{"href":"https:\/\/innocentiemangonipiante.it\/de\/wp-json\/wp\/v2\/product\/15436","targetHints":{"allow":["GET"]}}],"collection":[{"href":"https:\/\/innocentiemangonipiante.it\/de\/wp-json\/wp\/v2\/product"}],"about":[{"href":"https:\/\/innocentiemangonipiante.it\/de\/wp-json\/wp\/v2\/types\/product"}],"wp:featuredmedia":[{"embeddable":true,"href":"https:\/\/innocentiemangonipiante.it\/de\/wp-json\/wp\/v2\/media\/4775"}],"wp:attachment":[{"href":"https:\/\/innocentiemangonipiante.it\/de\/wp-json\/wp\/v2\/media?parent=15436"}],"wp:term":[{"taxonomy":"product_brand","embeddable":true,"href":"https:\/\/innocentiemangonipiante.it\/de\/wp-json\/wp\/v2\/product_brand?post=15436"},{"taxonomy":"product_cat","embeddable":true,"href":"https:\/\/innocentiemangonipiante.it\/de\/wp-json\/wp\/v2\/product_cat?post=15436"},{"taxonomy":"product_tag","embeddable":true,"href":"https:\/\/innocentiemangonipiante.it\/de\/wp-json\/wp\/v2\/product_tag?post=15436"}],"curies":[{"name":"wp","href":"https:\/\/api.w.org\/{rel}","templated":true}]}}