{"id":15437,"date":"2023-11-04T02:28:29","date_gmt":"2023-11-04T01:28:29","guid":{"rendered":"http:\/\/innocentiemangonipiante.it\/polygonum-baldschuanicum\/"},"modified":"2023-11-06T19:37:33","modified_gmt":"2023-11-06T18:37:33","slug":"polygonum-baldschuanicum","status":"publish","type":"product","link":"https:\/\/innocentiemangonipiante.it\/de\/polygonum-baldschuanicum\/","title":{"rendered":"POLYGONUM baldschuanicum"},"content":{"rendered":"<p>Sommergr\u00fcner und schnell wachsender Kletterstrauch. Im Sommer bis zum Herbst tr\u00e4gt er wei\u00dfe Bl\u00fcten, die sich in nach unten h\u00e4ngenden Kronen gruppieren.<\/p>\n","protected":false},"excerpt":{"rendered":"<p>Sommergr\u00fcner und schnell wachsender Kletterstrauch. Im Sommer bis zum Herbst tr\u00e4gt er wei\u00dfe Bl\u00fcten, die sich in nach unten h\u00e4ngenden Kronen gruppieren.<\/p>\n","protected":false},"featured_media":4781,"template":"","meta":{"_acf_changed":false},"product_brand":[],"product_cat":[8837],"product_tag":[10898],"class_list":{"0":"post-15437","1":"product","2":"type-product","3":"status-publish","4":"has-post-thumbnail","6":"product_cat-schlingpflanzen","7":"product_tag-naturlichen","8":"pa_altezza-massima-800-de","9":"pa_altezza-massima-12-meter","10":"pa_colore-fioritura-weis","11":"pa_condizionamento-clt-de","12":"pa_famiglia-polygonaceae-de","13":"pa_genere-polygonum-de","14":"pa_origine-asien","15":"pa_periodo-fioritura-august-de","16":"pa_periodo-fioritura-juli","17":"pa_periodo-fioritura-september-de","18":"pa_portamento-schlingpflanze","19":"pa_resistenza-climatica-sehr-hoch","20":"pa_resistenza-del-suolo-bestandig-gegen-kalkhaltige-boden","21":"pa_salinita-bestaendigkeit-in-meeresluft","22":"pa_utilizzo-kleine-gaerten","23":"pa_utilizzo-parks-de","25":"first","26":"instock","27":"purchasable","28":"product-type-simple"},"acf":[],"_links":{"self":[{"href":"https:\/\/innocentiemangonipiante.it\/de\/wp-json\/wp\/v2\/product\/15437","targetHints":{"allow":["GET"]}}],"collection":[{"href":"https:\/\/innocentiemangonipiante.it\/de\/wp-json\/wp\/v2\/product"}],"about":[{"href":"https:\/\/innocentiemangonipiante.it\/de\/wp-json\/wp\/v2\/types\/product"}],"wp:featuredmedia":[{"embeddable":true,"href":"https:\/\/innocentiemangonipiante.it\/de\/wp-json\/wp\/v2\/media\/4781"}],"wp:attachment":[{"href":"https:\/\/innocentiemangonipiante.it\/de\/wp-json\/wp\/v2\/media?parent=15437"}],"wp:term":[{"taxonomy":"product_brand","embeddable":true,"href":"https:\/\/innocentiemangonipiante.it\/de\/wp-json\/wp\/v2\/product_brand?post=15437"},{"taxonomy":"product_cat","embeddable":true,"href":"https:\/\/innocentiemangonipiante.it\/de\/wp-json\/wp\/v2\/product_cat?post=15437"},{"taxonomy":"product_tag","embeddable":true,"href":"https:\/\/innocentiemangonipiante.it\/de\/wp-json\/wp\/v2\/product_tag?post=15437"}],"curies":[{"name":"wp","href":"https:\/\/api.w.org\/{rel}","templated":true}]}}