{"id":15440,"date":"2023-11-04T02:29:23","date_gmt":"2023-11-04T01:29:23","guid":{"rendered":"http:\/\/innocentiemangonipiante.it\/populus-tremula-erecta\/"},"modified":"2023-11-06T19:38:21","modified_gmt":"2023-11-06T18:38:21","slug":"populus-tremula-erecta","status":"publish","type":"product","link":"https:\/\/innocentiemangonipiante.it\/de\/populus-tremula-erecta\/","title":{"rendered":"POPULUS tremula &#8218;Erecta&#8216;"},"content":{"rendered":"<p>Ideale Sorte f\u00fcr schnellen Wachstum in beengte Verh\u00e4ltnisse. Es erweitert nur 1,5 mt.Produziert viel weniger Bl\u00fcte als andere Pflanzen aus der gleichen Sorten.<\/p>\n","protected":false},"excerpt":{"rendered":"<p>Ideale Sorte f\u00fcr schnellen Wachstum in beengte Verh\u00e4ltnisse. Es erweitert nur 1,5 mt.Produziert viel weniger Bl\u00fcte als andere Pflanzen aus der gleichen Sorten.<\/p>\n","protected":false},"featured_media":4817,"template":"","meta":{"_acf_changed":false},"product_brand":[],"product_cat":[8813],"product_tag":[10898,8401],"class_list":{"0":"post-15440","1":"product","2":"type-product","3":"status-publish","4":"has-post-thumbnail","6":"product_cat-laubbaume-und-straucher","7":"product_tag-naturlichen","8":"product_tag-hochstamm","9":"pa_altezza-massima-800-de","10":"pa_altezza-massima-12-meter","11":"pa_condizionamento-m-de","12":"pa_famiglia-salicaceae-de","13":"pa_genere-populus-de","14":"pa_inquinamento-bestaendigkeit-gegen-smog","15":"pa_origine-europe-de","16":"pa_portamento-saulenformig","17":"pa_resistenza-climatica-sehr-hoch","18":"pa_resistenza-del-suolo-bestandig-gegen-kalkhaltige-boden","19":"pa_resistenza-del-suolo-bestandig-gegen-trockene-boden","20":"pa_resistenza-del-suolo-bestandigkeit-auf-feuchten-boden","21":"pa_salinita-bestaendigkeit-in-meeresluft","22":"pa_utilizzo-alleen","23":"pa_utilizzo-kleine-gaerten","25":"first","26":"instock","27":"purchasable","28":"product-type-simple"},"acf":[],"_links":{"self":[{"href":"https:\/\/innocentiemangonipiante.it\/de\/wp-json\/wp\/v2\/product\/15440","targetHints":{"allow":["GET"]}}],"collection":[{"href":"https:\/\/innocentiemangonipiante.it\/de\/wp-json\/wp\/v2\/product"}],"about":[{"href":"https:\/\/innocentiemangonipiante.it\/de\/wp-json\/wp\/v2\/types\/product"}],"wp:featuredmedia":[{"embeddable":true,"href":"https:\/\/innocentiemangonipiante.it\/de\/wp-json\/wp\/v2\/media\/4817"}],"wp:attachment":[{"href":"https:\/\/innocentiemangonipiante.it\/de\/wp-json\/wp\/v2\/media?parent=15440"}],"wp:term":[{"taxonomy":"product_brand","embeddable":true,"href":"https:\/\/innocentiemangonipiante.it\/de\/wp-json\/wp\/v2\/product_brand?post=15440"},{"taxonomy":"product_cat","embeddable":true,"href":"https:\/\/innocentiemangonipiante.it\/de\/wp-json\/wp\/v2\/product_cat?post=15440"},{"taxonomy":"product_tag","embeddable":true,"href":"https:\/\/innocentiemangonipiante.it\/de\/wp-json\/wp\/v2\/product_tag?post=15440"}],"curies":[{"name":"wp","href":"https:\/\/api.w.org\/{rel}","templated":true}]}}