{"id":15441,"date":"2023-11-04T02:29:17","date_gmt":"2023-11-04T01:29:17","guid":{"rendered":"http:\/\/innocentiemangonipiante.it\/populus-tremula\/"},"modified":"2023-11-06T19:38:18","modified_gmt":"2023-11-06T18:38:18","slug":"populus-tremula","status":"publish","type":"product","link":"https:\/\/innocentiemangonipiante.it\/de\/populus-tremula\/","title":{"rendered":"POPULUS tremula"},"content":{"rendered":"<p>\u2018Zitterpappel\u2019. Schnell wachsender sommergr\u00fcner Baum mit ausgedehntem Wachstum. Dunkelgr\u00fcne, gez\u00e4hnte, ei- bis rundf\u00f6rmige Bl\u00e4tter. Gelbe Herbstf\u00e4rbung. Bei der kleinsten Brise fangen die Bl\u00e4tter an zum zittern.<\/p>\n","protected":false},"excerpt":{"rendered":"<p>\u2018Zitterpappel\u2019. Schnell wachsender sommergr\u00fcner Baum mit ausgedehntem Wachstum. Dunkelgr\u00fcne, gez\u00e4hnte, ei- bis rundf\u00f6rmige Bl\u00e4tter. Gelbe Herbstf\u00e4rbung. Bei der kleinsten Brise fangen die Bl\u00e4tter an zum zittern.<\/p>\n","protected":false},"featured_media":4811,"template":"","meta":{"_acf_changed":false},"product_brand":[],"product_cat":[8813],"product_tag":[10898,8401],"class_list":{"0":"post-15441","1":"product","2":"type-product","3":"status-publish","4":"has-post-thumbnail","6":"product_cat-laubbaume-und-straucher","7":"product_tag-naturlichen","8":"product_tag-hochstamm","9":"pa_altezza-massima-15-meter","10":"pa_altezza-massima-20-meter","11":"pa_condizionamento-m-de","12":"pa_famiglia-salicaceae-de","13":"pa_genere-populus-de","14":"pa_inquinamento-bestaendigkeit-gegen-smog","15":"pa_origine-mitteleuropa","16":"pa_portamento-allargato-de","17":"pa_resistenza-climatica-sehr-hoch","18":"pa_resistenza-del-suolo-bestandig-gegen-kalkhaltige-boden","19":"pa_resistenza-del-suolo-bestandig-gegen-trockene-boden","20":"pa_resistenza-del-suolo-bestandigkeit-auf-feuchten-boden","21":"pa_salinita-bestaendigkeit-in-meeresluft","22":"pa_utilizzo-parks-de","24":"first","25":"instock","26":"purchasable","27":"product-type-simple"},"acf":[],"_links":{"self":[{"href":"https:\/\/innocentiemangonipiante.it\/de\/wp-json\/wp\/v2\/product\/15441","targetHints":{"allow":["GET"]}}],"collection":[{"href":"https:\/\/innocentiemangonipiante.it\/de\/wp-json\/wp\/v2\/product"}],"about":[{"href":"https:\/\/innocentiemangonipiante.it\/de\/wp-json\/wp\/v2\/types\/product"}],"wp:featuredmedia":[{"embeddable":true,"href":"https:\/\/innocentiemangonipiante.it\/de\/wp-json\/wp\/v2\/media\/4811"}],"wp:attachment":[{"href":"https:\/\/innocentiemangonipiante.it\/de\/wp-json\/wp\/v2\/media?parent=15441"}],"wp:term":[{"taxonomy":"product_brand","embeddable":true,"href":"https:\/\/innocentiemangonipiante.it\/de\/wp-json\/wp\/v2\/product_brand?post=15441"},{"taxonomy":"product_cat","embeddable":true,"href":"https:\/\/innocentiemangonipiante.it\/de\/wp-json\/wp\/v2\/product_cat?post=15441"},{"taxonomy":"product_tag","embeddable":true,"href":"https:\/\/innocentiemangonipiante.it\/de\/wp-json\/wp\/v2\/product_tag?post=15441"}],"curies":[{"name":"wp","href":"https:\/\/api.w.org\/{rel}","templated":true}]}}