{"id":15442,"date":"2023-11-04T02:29:10","date_gmt":"2023-11-04T01:29:10","guid":{"rendered":"http:\/\/innocentiemangonipiante.it\/populus-nigra-italica\/"},"modified":"2023-11-06T19:37:50","modified_gmt":"2023-11-06T18:37:50","slug":"populus-nigra-italica","status":"publish","type":"product","link":"https:\/\/innocentiemangonipiante.it\/de\/populus-nigra-italica\/","title":{"rendered":"POPULUS nigra &#8218;Italica&#8216;"},"content":{"rendered":"<p>Schnell wachsender sommergr\u00fcner Baum mit dunkler Rinde. Die dreieckigen bis eif\u00f6rmigen Bl\u00e4tter sind spitz zulaufend, lebhaft dunkelgr\u00fcn und werden im Herbst gelb. Streng s\u00e4ulenf\u00f6rmige Veredelung.<\/p>\n","protected":false},"excerpt":{"rendered":"<p>Schnell wachsender sommergr\u00fcner Baum mit dunkler Rinde. Die dreieckigen bis eif\u00f6rmigen Bl\u00e4tter sind spitz zulaufend, lebhaft dunkelgr\u00fcn und werden im Herbst gelb. Streng s\u00e4ulenf\u00f6rmige Veredelung.<\/p>\n","protected":false},"featured_media":4805,"template":"","meta":{"_acf_changed":false},"product_brand":[],"product_cat":[8813],"product_tag":[10898,10902],"class_list":{"0":"post-15442","1":"product","2":"type-product","3":"status-publish","4":"has-post-thumbnail","6":"product_cat-laubbaume-und-straucher","7":"product_tag-naturlichen","8":"product_tag-stammbusch","9":"pa_altezza-massima-25-meter","10":"pa_altezza-massima-35-meter","11":"pa_condizionamento-clt-de","12":"pa_condizionamento-m-de","13":"pa_condizionamento-ohne-ballen","14":"pa_famiglia-salicaceae-de","15":"pa_genere-populus-de","16":"pa_origine-italien","17":"pa_portamento-saulenformig","18":"pa_resistenza-climatica-mittel-hoch","19":"pa_resistenza-del-suolo-bestandig-gegen-kalkhaltige-boden","20":"pa_resistenza-del-suolo-bestandigkeit-auf-feuchten-boden","21":"pa_salinita-bestaendigkeit-in-meeresluft","22":"pa_utilizzo-parks-de","24":"first","25":"instock","26":"purchasable","27":"product-type-simple"},"acf":[],"_links":{"self":[{"href":"https:\/\/innocentiemangonipiante.it\/de\/wp-json\/wp\/v2\/product\/15442","targetHints":{"allow":["GET"]}}],"collection":[{"href":"https:\/\/innocentiemangonipiante.it\/de\/wp-json\/wp\/v2\/product"}],"about":[{"href":"https:\/\/innocentiemangonipiante.it\/de\/wp-json\/wp\/v2\/types\/product"}],"wp:featuredmedia":[{"embeddable":true,"href":"https:\/\/innocentiemangonipiante.it\/de\/wp-json\/wp\/v2\/media\/4805"}],"wp:attachment":[{"href":"https:\/\/innocentiemangonipiante.it\/de\/wp-json\/wp\/v2\/media?parent=15442"}],"wp:term":[{"taxonomy":"product_brand","embeddable":true,"href":"https:\/\/innocentiemangonipiante.it\/de\/wp-json\/wp\/v2\/product_brand?post=15442"},{"taxonomy":"product_cat","embeddable":true,"href":"https:\/\/innocentiemangonipiante.it\/de\/wp-json\/wp\/v2\/product_cat?post=15442"},{"taxonomy":"product_tag","embeddable":true,"href":"https:\/\/innocentiemangonipiante.it\/de\/wp-json\/wp\/v2\/product_tag?post=15442"}],"curies":[{"name":"wp","href":"https:\/\/api.w.org\/{rel}","templated":true}]}}