{"id":15443,"date":"2023-11-04T02:28:57","date_gmt":"2023-11-04T01:28:57","guid":{"rendered":"http:\/\/innocentiemangonipiante.it\/populus-alba\/"},"modified":"2023-11-06T19:37:44","modified_gmt":"2023-11-06T18:37:44","slug":"populus-alba","status":"publish","type":"product","link":"https:\/\/innocentiemangonipiante.it\/de\/populus-alba\/","title":{"rendered":"POPULUS alba"},"content":{"rendered":"<p>Sommergr\u00fcner ausladender und schnell wachsender Baum. Die f\u00fcnflappigen fast rundlichen Bl\u00e4tter mit gewelltem Rand sind auf der Oberseite dunkelgr\u00fcn und durch die dichten und d\u00fcnnen wei\u00dfen H\u00e4rchen flaumig auf der Unterseite.<\/p>\n","protected":false},"excerpt":{"rendered":"<p>Sommergr\u00fcner ausladender und schnell wachsender Baum. Die f\u00fcnflappigen fast rundlichen Bl\u00e4tter mit gewelltem Rand sind auf der Oberseite dunkelgr\u00fcn und durch die dichten und d\u00fcnnen wei\u00dfen H\u00e4rchen flaumig auf der Unterseite.<\/p>\n","protected":false},"featured_media":4799,"template":"","meta":{"_acf_changed":false},"product_brand":[],"product_cat":[8813],"product_tag":[10898,8401,10902],"class_list":{"0":"post-15443","1":"product","2":"type-product","3":"status-publish","4":"has-post-thumbnail","6":"product_cat-laubbaume-und-straucher","7":"product_tag-naturlichen","8":"product_tag-hochstamm","9":"product_tag-stammbusch","10":"pa_altezza-massima-20-meter","11":"pa_altezza-massima-30-meter","12":"pa_condizionamento-clt-de","13":"pa_condizionamento-m-de","14":"pa_condizionamento-ohne-ballen","15":"pa_famiglia-salicaceae-de","16":"pa_genere-populus-de","17":"pa_inquinamento-bestaendigkeit-gegen-smog","18":"pa_origine-europaischen-mittelmeeres","19":"pa_portamento-allargato-de","20":"pa_resistenza-climatica-sehr-hoch","21":"pa_resistenza-del-suolo-bestandig-gegen-trockene-boden","22":"pa_resistenza-del-suolo-bestandigkeit-auf-feuchten-boden","23":"pa_salinita-bestaendigkeit-in-meeresluft","24":"pa_utilizzo-alleen","25":"pa_utilizzo-parks-de","27":"first","28":"instock","29":"purchasable","30":"product-type-simple"},"acf":[],"_links":{"self":[{"href":"https:\/\/innocentiemangonipiante.it\/de\/wp-json\/wp\/v2\/product\/15443","targetHints":{"allow":["GET"]}}],"collection":[{"href":"https:\/\/innocentiemangonipiante.it\/de\/wp-json\/wp\/v2\/product"}],"about":[{"href":"https:\/\/innocentiemangonipiante.it\/de\/wp-json\/wp\/v2\/types\/product"}],"wp:featuredmedia":[{"embeddable":true,"href":"https:\/\/innocentiemangonipiante.it\/de\/wp-json\/wp\/v2\/media\/4799"}],"wp:attachment":[{"href":"https:\/\/innocentiemangonipiante.it\/de\/wp-json\/wp\/v2\/media?parent=15443"}],"wp:term":[{"taxonomy":"product_brand","embeddable":true,"href":"https:\/\/innocentiemangonipiante.it\/de\/wp-json\/wp\/v2\/product_brand?post=15443"},{"taxonomy":"product_cat","embeddable":true,"href":"https:\/\/innocentiemangonipiante.it\/de\/wp-json\/wp\/v2\/product_cat?post=15443"},{"taxonomy":"product_tag","embeddable":true,"href":"https:\/\/innocentiemangonipiante.it\/de\/wp-json\/wp\/v2\/product_tag?post=15443"}],"curies":[{"name":"wp","href":"https:\/\/api.w.org\/{rel}","templated":true}]}}