{"id":15444,"date":"2023-11-04T02:29:44","date_gmt":"2023-11-04T01:29:44","guid":{"rendered":"http:\/\/innocentiemangonipiante.it\/pritchardia-robusta\/"},"modified":"2023-11-06T19:38:29","modified_gmt":"2023-11-06T18:38:29","slug":"pritchardia-robusta","status":"publish","type":"product","link":"https:\/\/innocentiemangonipiante.it\/de\/pritchardia-robusta\/","title":{"rendered":"PRITCHARDIA robusta"},"content":{"rendered":"<p>Palmengew\u00e4chse mit hoher Entwicklung und schnellem Wachstum. Der Stamm ist vom Fu\u00df zur Krone allm\u00e4hlich schlanker. F\u00e4cherf\u00f6rmige leuchtend-gr\u00fcne bis 1 Meter lange Bl\u00e4tter, mit gez\u00e4hnten Stielen.<\/p>\n","protected":false},"excerpt":{"rendered":"<p>Palmengew\u00e4chse mit hoher Entwicklung und schnellem Wachstum. Der Stamm ist vom Fu\u00df zur Krone allm\u00e4hlich schlanker. F\u00e4cherf\u00f6rmige leuchtend-gr\u00fcne bis 1 Meter lange Bl\u00e4tter, mit gez\u00e4hnten Stielen.<\/p>\n","protected":false},"featured_media":4823,"template":"","meta":{"_acf_changed":false},"product_brand":[],"product_cat":[8832,9231],"product_tag":[10898,8597],"class_list":{"0":"post-15444","1":"product","2":"type-product","3":"status-publish","4":"has-post-thumbnail","6":"product_cat-palmartig-und-saftig","7":"product_cat-baume-und-pflanzen-der-zukunft","8":"product_tag-naturlichen","9":"product_tag-multistamm","10":"pa_altezza-massima-20-meter","11":"pa_altezza-massima-30-meter","12":"pa_condizionamento-clt-de","13":"pa_famiglia-arecaceae-de","14":"pa_genere-pritchardia-de","15":"pa_origine-mexiko","16":"pa_portamento-eretto-de","17":"pa_resistenza-climatica-sehr-niedrig","18":"pa_resistenza-del-suolo-bestandig-gegen-trockene-boden","19":"pa_salinita-bestaendigkeit-in-meeresluft","20":"pa_utilizzo-parks-de","22":"first","23":"instock","24":"purchasable","25":"product-type-simple"},"acf":[],"_links":{"self":[{"href":"https:\/\/innocentiemangonipiante.it\/de\/wp-json\/wp\/v2\/product\/15444","targetHints":{"allow":["GET"]}}],"collection":[{"href":"https:\/\/innocentiemangonipiante.it\/de\/wp-json\/wp\/v2\/product"}],"about":[{"href":"https:\/\/innocentiemangonipiante.it\/de\/wp-json\/wp\/v2\/types\/product"}],"wp:featuredmedia":[{"embeddable":true,"href":"https:\/\/innocentiemangonipiante.it\/de\/wp-json\/wp\/v2\/media\/4823"}],"wp:attachment":[{"href":"https:\/\/innocentiemangonipiante.it\/de\/wp-json\/wp\/v2\/media?parent=15444"}],"wp:term":[{"taxonomy":"product_brand","embeddable":true,"href":"https:\/\/innocentiemangonipiante.it\/de\/wp-json\/wp\/v2\/product_brand?post=15444"},{"taxonomy":"product_cat","embeddable":true,"href":"https:\/\/innocentiemangonipiante.it\/de\/wp-json\/wp\/v2\/product_cat?post=15444"},{"taxonomy":"product_tag","embeddable":true,"href":"https:\/\/innocentiemangonipiante.it\/de\/wp-json\/wp\/v2\/product_tag?post=15444"}],"curies":[{"name":"wp","href":"https:\/\/api.w.org\/{rel}","templated":true}]}}