{"id":15445,"date":"2023-11-04T02:30:29","date_gmt":"2023-11-04T01:30:29","guid":{"rendered":"http:\/\/innocentiemangonipiante.it\/prunus-avium-plena\/"},"modified":"2023-11-06T19:38:53","modified_gmt":"2023-11-06T18:38:53","slug":"prunus-avium-plena","status":"publish","type":"product","link":"https:\/\/innocentiemangonipiante.it\/de\/prunus-avium-plena\/","title":{"rendered":"PRUNUS avium &#8218;Plena&#8216;"},"content":{"rendered":"<p>Kleiner sommergr\u00fcner und ausladender Baum mit r\u00f6tlich gestreifter brauner Rinde. Die eif\u00f6rmigen l\u00e4nglichen dunkelgr\u00fcnen Bl\u00e4tter f\u00e4rben sich im Herbst rot. Im April-Mai tr\u00e4gt er wei\u00dfe Doppelbl\u00fcten mit einem Durchmesser von 2-3 cm.<\/p>\n","protected":false},"excerpt":{"rendered":"<p>Kleiner sommergr\u00fcner und ausladender Baum mit r\u00f6tlich gestreifter brauner Rinde. Die eif\u00f6rmigen l\u00e4nglichen dunkelgr\u00fcnen Bl\u00e4tter f\u00e4rben sich im Herbst rot. Im April-Mai tr\u00e4gt er wei\u00dfe Doppelbl\u00fcten mit einem Durchmesser von 2-3 cm.<\/p>\n","protected":false},"featured_media":23997,"template":"","meta":{"_acf_changed":false},"product_brand":[],"product_cat":[8813],"product_tag":[10898,8401],"class_list":{"0":"post-15445","1":"product","2":"type-product","3":"status-publish","4":"has-post-thumbnail","6":"product_cat-laubbaume-und-straucher","7":"product_tag-naturlichen","8":"product_tag-hochstamm","9":"pa_altezza-massima-600-de","10":"pa_altezza-massima-12-meter","11":"pa_colore-fioritura-weis","12":"pa_condizionamento-clt-de","13":"pa_condizionamento-m-de","14":"pa_famiglia-rosaceae-de","15":"pa_genere-prunus-de","16":"pa_inquinamento-bestaendigkeit-gegen-smog","17":"pa_origine-sudeuropa-de","18":"pa_periodo-fioritura-april-de","19":"pa_periodo-fioritura-mai-de","20":"pa_periodo-fruttificazione-juni","21":"pa_portamento-arrotondato-de","22":"pa_profumo-zart","23":"pa_resistenza-climatica-sehr-hoch","24":"pa_resistenza-del-suolo-bestandig-gegen-kalkhaltige-boden","25":"pa_salinita-bestaendigkeit-in-meeresluft","26":"pa_utilizzo-alleen","27":"pa_utilizzo-parks-de","29":"first","30":"instock","31":"purchasable","32":"product-type-simple"},"acf":[],"_links":{"self":[{"href":"https:\/\/innocentiemangonipiante.it\/de\/wp-json\/wp\/v2\/product\/15445","targetHints":{"allow":["GET"]}}],"collection":[{"href":"https:\/\/innocentiemangonipiante.it\/de\/wp-json\/wp\/v2\/product"}],"about":[{"href":"https:\/\/innocentiemangonipiante.it\/de\/wp-json\/wp\/v2\/types\/product"}],"wp:featuredmedia":[{"embeddable":true,"href":"https:\/\/innocentiemangonipiante.it\/de\/wp-json\/wp\/v2\/media\/23997"}],"wp:attachment":[{"href":"https:\/\/innocentiemangonipiante.it\/de\/wp-json\/wp\/v2\/media?parent=15445"}],"wp:term":[{"taxonomy":"product_brand","embeddable":true,"href":"https:\/\/innocentiemangonipiante.it\/de\/wp-json\/wp\/v2\/product_brand?post=15445"},{"taxonomy":"product_cat","embeddable":true,"href":"https:\/\/innocentiemangonipiante.it\/de\/wp-json\/wp\/v2\/product_cat?post=15445"},{"taxonomy":"product_tag","embeddable":true,"href":"https:\/\/innocentiemangonipiante.it\/de\/wp-json\/wp\/v2\/product_tag?post=15445"}],"curies":[{"name":"wp","href":"https:\/\/api.w.org\/{rel}","templated":true}]}}