{"id":15446,"date":"2023-11-04T02:30:22","date_gmt":"2023-11-04T01:30:22","guid":{"rendered":"http:\/\/innocentiemangonipiante.it\/prunus-avium\/"},"modified":"2023-11-06T19:38:50","modified_gmt":"2023-11-06T18:38:50","slug":"prunus-avium","status":"publish","type":"product","link":"https:\/\/innocentiemangonipiante.it\/de\/prunus-avium\/","title":{"rendered":"PRUNUS avium"},"content":{"rendered":"<p>Sommergr\u00fcner Baum mit ausladendem Habitus und rotgestreifter Rinde. Die Bl\u00e4tter sind eif\u00f6rmig l\u00e4nglich, dunkelgr\u00fcn bis 15 cm. Die neuen Trieben sind r\u00f6tlich, w\u00e4hrend die Herbstf\u00e4rbung ist gelb und rot. Mitte Fr\u00fchling produziert es weisse kelchf\u00f6rmige in Schirmen grupierte bis 3 cm breite Bl\u00fcten, gefolgt von 1cm breiten roten Fr\u00fcchten.<\/p>\n","protected":false},"excerpt":{"rendered":"<p>Sommergr\u00fcner Baum mit ausladendem Habitus und rotgestreifter Rinde. Die Bl\u00e4tter sind eif\u00f6rmig l\u00e4nglich, dunkelgr\u00fcn bis 15 cm. Die neuen Trieben sind r\u00f6tlich, w\u00e4hrend die Herbstf\u00e4rbung ist gelb und rot. Mitte Fr\u00fchling produziert es weisse kelchf\u00f6rmige in Schirmen grupierte bis 3 cm breite Bl\u00fcten, gefolgt von 1cm breiten roten Fr\u00fcchten.<\/p>\n","protected":false},"featured_media":4853,"template":"","meta":{"_acf_changed":false},"product_brand":[],"product_cat":[8813],"product_tag":[10898,8401,8597],"class_list":{"0":"post-15446","1":"product","2":"type-product","3":"status-publish","4":"has-post-thumbnail","6":"product_cat-laubbaume-und-straucher","7":"product_tag-naturlichen","8":"product_tag-hochstamm","9":"product_tag-multistamm","10":"pa_altezza-massima-15-meter","11":"pa_altezza-massima-20-meter","12":"pa_colore-fioritura-weis","13":"pa_condizionamento-clt-de","14":"pa_condizionamento-m-de","15":"pa_famiglia-rosaceae-de","16":"pa_genere-prunus-de","17":"pa_inquinamento-bestaendigkeit-gegen-smog","18":"pa_origine-europaischen-mittelmeeres","19":"pa_periodo-fioritura-april-de","20":"pa_periodo-fioritura-maerz","21":"pa_periodo-fruttificazione-mai-de","22":"pa_portamento-arrotondato-de","23":"pa_profumo-zart","24":"pa_resistenza-climatica-sehr-hoch","25":"pa_resistenza-del-suolo-bestandig-gegen-kalkhaltige-boden","26":"pa_salinita-bestaendigkeit-in-meeresluft","27":"pa_utilizzo-parks-de","29":"first","30":"instock","31":"purchasable","32":"product-type-simple"},"acf":[],"_links":{"self":[{"href":"https:\/\/innocentiemangonipiante.it\/de\/wp-json\/wp\/v2\/product\/15446","targetHints":{"allow":["GET"]}}],"collection":[{"href":"https:\/\/innocentiemangonipiante.it\/de\/wp-json\/wp\/v2\/product"}],"about":[{"href":"https:\/\/innocentiemangonipiante.it\/de\/wp-json\/wp\/v2\/types\/product"}],"wp:featuredmedia":[{"embeddable":true,"href":"https:\/\/innocentiemangonipiante.it\/de\/wp-json\/wp\/v2\/media\/4853"}],"wp:attachment":[{"href":"https:\/\/innocentiemangonipiante.it\/de\/wp-json\/wp\/v2\/media?parent=15446"}],"wp:term":[{"taxonomy":"product_brand","embeddable":true,"href":"https:\/\/innocentiemangonipiante.it\/de\/wp-json\/wp\/v2\/product_brand?post=15446"},{"taxonomy":"product_cat","embeddable":true,"href":"https:\/\/innocentiemangonipiante.it\/de\/wp-json\/wp\/v2\/product_cat?post=15446"},{"taxonomy":"product_tag","embeddable":true,"href":"https:\/\/innocentiemangonipiante.it\/de\/wp-json\/wp\/v2\/product_tag?post=15446"}],"curies":[{"name":"wp","href":"https:\/\/api.w.org\/{rel}","templated":true}]}}