{"id":15447,"date":"2023-11-04T02:29:52","date_gmt":"2023-11-04T01:29:52","guid":{"rendered":"http:\/\/innocentiemangonipiante.it\/prunus-accolade\/"},"modified":"2023-11-06T19:38:33","modified_gmt":"2023-11-06T18:38:33","slug":"prunus-accolade","status":"publish","type":"product","link":"https:\/\/innocentiemangonipiante.it\/de\/prunus-accolade\/","title":{"rendered":"PRUNUS &#8218;Accolade&#8216;"},"content":{"rendered":"<p>Ausladender sommergr\u00fcner Baum mit l\u00e4nglichen, spitz zulaufenden, dunkelgr\u00fcnen und bis zu 10 cm langen Bl\u00e4ttern. Ab Fr\u00fchjahrsanfang sprie\u00dfen Str\u00e4u\u00dfchen mit 3 blassrosa 3-4 cm breiten Doppelbl\u00fcten.<\/p>\n","protected":false},"excerpt":{"rendered":"<p>Ausladender sommergr\u00fcner Baum mit l\u00e4nglichen, spitz zulaufenden, dunkelgr\u00fcnen und bis zu 10 cm langen Bl\u00e4ttern. Ab Fr\u00fchjahrsanfang sprie\u00dfen Str\u00e4u\u00dfchen mit 3 blassrosa 3-4 cm breiten Doppelbl\u00fcten.<\/p>\n","protected":false},"featured_media":4829,"template":"","meta":{"_acf_changed":false},"product_brand":[],"product_cat":[8813],"product_tag":[10898,8401,8597],"class_list":{"0":"post-15447","1":"product","2":"type-product","3":"status-publish","4":"has-post-thumbnail","6":"product_cat-laubbaume-und-straucher","7":"product_tag-naturlichen","8":"product_tag-hochstamm","9":"product_tag-multistamm","10":"pa_altezza-massima-500-de","11":"pa_altezza-massima-800-de","12":"pa_colore-fioritura-rose-de","13":"pa_condizionamento-clt-de","14":"pa_condizionamento-m-de","15":"pa_famiglia-rosaceae-de","16":"pa_genere-prunus-de","17":"pa_inquinamento-bestaendigkeit-gegen-smog","18":"pa_origine-england-de","19":"pa_periodo-fioritura-april-de","20":"pa_periodo-fioritura-maerz","21":"pa_periodo-fruttificazione-mai-de","22":"pa_portamento-arrotondato-de","23":"pa_profumo-zart","24":"pa_resistenza-climatica-sehr-hoch","25":"pa_resistenza-del-suolo-bestandig-gegen-kalkhaltige-boden","26":"pa_utilizzo-kleine-gaerten","27":"pa_utilizzo-parks-de","29":"first","30":"instock","31":"purchasable","32":"product-type-simple"},"acf":[],"_links":{"self":[{"href":"https:\/\/innocentiemangonipiante.it\/de\/wp-json\/wp\/v2\/product\/15447","targetHints":{"allow":["GET"]}}],"collection":[{"href":"https:\/\/innocentiemangonipiante.it\/de\/wp-json\/wp\/v2\/product"}],"about":[{"href":"https:\/\/innocentiemangonipiante.it\/de\/wp-json\/wp\/v2\/types\/product"}],"wp:featuredmedia":[{"embeddable":true,"href":"https:\/\/innocentiemangonipiante.it\/de\/wp-json\/wp\/v2\/media\/4829"}],"wp:attachment":[{"href":"https:\/\/innocentiemangonipiante.it\/de\/wp-json\/wp\/v2\/media?parent=15447"}],"wp:term":[{"taxonomy":"product_brand","embeddable":true,"href":"https:\/\/innocentiemangonipiante.it\/de\/wp-json\/wp\/v2\/product_brand?post=15447"},{"taxonomy":"product_cat","embeddable":true,"href":"https:\/\/innocentiemangonipiante.it\/de\/wp-json\/wp\/v2\/product_cat?post=15447"},{"taxonomy":"product_tag","embeddable":true,"href":"https:\/\/innocentiemangonipiante.it\/de\/wp-json\/wp\/v2\/product_tag?post=15447"}],"curies":[{"name":"wp","href":"https:\/\/api.w.org\/{rel}","templated":true}]}}