{"id":15451,"date":"2023-11-04T02:35:37","date_gmt":"2023-11-04T01:35:37","guid":{"rendered":"http:\/\/innocentiemangonipiante.it\/prunus-subhirtella-pendula\/"},"modified":"2023-11-06T19:42:45","modified_gmt":"2023-11-06T18:42:45","slug":"prunus-subhirtella-pendula","status":"publish","type":"product","link":"https:\/\/innocentiemangonipiante.it\/de\/prunus-subhirtella-pendula\/","title":{"rendered":"PRUNUS subhirtella &#8218;Pendula&#8216;"},"content":{"rendered":"<p>Kleiner sommergr\u00fcner schirmf\u00f6rmiger Strauch oder Baum mit herab\u00e4ngenden Zweigen. Langsam wachsend. Die ovalen, spitzigen, gez\u00e4hnten 6-8 cm langen Bl\u00e4tter sind gr\u00fcn mit r\u00f6tlichen T\u00f6nungen. Im Laufe des Monats April reichliche weisse einfache Bl\u00fcten.<\/p>\n","protected":false},"excerpt":{"rendered":"<p>Kleiner sommergr\u00fcner schirmf\u00f6rmiger Strauch oder Baum mit herab\u00e4ngenden Zweigen. Langsam wachsend. Die ovalen, spitzigen, gez\u00e4hnten 6-8 cm langen Bl\u00e4tter sind gr\u00fcn mit r\u00f6tlichen T\u00f6nungen. Im Laufe des Monats April reichliche weisse einfache Bl\u00fcten.<\/p>\n","protected":false},"featured_media":5013,"template":"","meta":{"_acf_changed":false},"product_brand":[],"product_cat":[8813],"product_tag":[10898,8565,8401],"class_list":{"0":"post-15451","1":"product","2":"type-product","3":"status-publish","4":"has-post-thumbnail","6":"product_cat-laubbaume-und-straucher","7":"product_tag-naturlichen","8":"product_tag-halbstamm","9":"product_tag-hochstamm","10":"pa_altezza-massima-300-de","11":"pa_altezza-massima-400-de","12":"pa_colore-fioritura-weis","13":"pa_condizionamento-clt-de","14":"pa_condizionamento-m-de","15":"pa_famiglia-rosaceae-de","16":"pa_genere-prunus-de","17":"pa_origine-ostasien","18":"pa_periodo-fioritura-april-de","19":"pa_portamento-piangente-de","20":"pa_resistenza-climatica-sehr-hoch","21":"pa_resistenza-del-suolo-bestandig-gegen-kalkhaltige-boden","22":"pa_utilizzo-kleine-gaerten","23":"pa_utilizzo-parks-de","25":"first","26":"instock","27":"purchasable","28":"product-type-simple"},"acf":[],"_links":{"self":[{"href":"https:\/\/innocentiemangonipiante.it\/de\/wp-json\/wp\/v2\/product\/15451","targetHints":{"allow":["GET"]}}],"collection":[{"href":"https:\/\/innocentiemangonipiante.it\/de\/wp-json\/wp\/v2\/product"}],"about":[{"href":"https:\/\/innocentiemangonipiante.it\/de\/wp-json\/wp\/v2\/types\/product"}],"wp:featuredmedia":[{"embeddable":true,"href":"https:\/\/innocentiemangonipiante.it\/de\/wp-json\/wp\/v2\/media\/5013"}],"wp:attachment":[{"href":"https:\/\/innocentiemangonipiante.it\/de\/wp-json\/wp\/v2\/media?parent=15451"}],"wp:term":[{"taxonomy":"product_brand","embeddable":true,"href":"https:\/\/innocentiemangonipiante.it\/de\/wp-json\/wp\/v2\/product_brand?post=15451"},{"taxonomy":"product_cat","embeddable":true,"href":"https:\/\/innocentiemangonipiante.it\/de\/wp-json\/wp\/v2\/product_cat?post=15451"},{"taxonomy":"product_tag","embeddable":true,"href":"https:\/\/innocentiemangonipiante.it\/de\/wp-json\/wp\/v2\/product_tag?post=15451"}],"curies":[{"name":"wp","href":"https:\/\/api.w.org\/{rel}","templated":true}]}}