{"id":15453,"date":"2023-11-04T02:34:21","date_gmt":"2023-11-04T01:34:21","guid":{"rendered":"http:\/\/innocentiemangonipiante.it\/prunus-serrulata-kiku-shidare-sakura\/"},"modified":"2023-11-06T19:41:39","modified_gmt":"2023-11-06T18:41:39","slug":"prunus-serrulata-kiku-shidare-sakura","status":"publish","type":"product","link":"https:\/\/innocentiemangonipiante.it\/de\/prunus-serrulata-kiku-shidare-sakura\/","title":{"rendered":"PRUNUS serrulata &#8218;Kiku-Shidare-Sakura&#8216;"},"content":{"rendered":"<p>Sommergr\u00fcner Baum mit herabh\u00e4ngendem Laubwerk. Die bis 8-10 cm langen, elliptischen Bl\u00e4tter sind am Anfangs bronzefarben und werden sp\u00e4ter dunkelgr\u00fcn. Bis 6 cm lange rosane Doppelbl\u00fcten, die Anfang Mai erbl\u00fchen.<\/p>\n","protected":false},"excerpt":{"rendered":"<p>Sommergr\u00fcner Baum mit herabh\u00e4ngendem Laubwerk. Die bis 8-10 cm langen, elliptischen Bl\u00e4tter sind am Anfangs bronzefarben und werden sp\u00e4ter dunkelgr\u00fcn. Bis 6 cm lange rosane Doppelbl\u00fcten, die Anfang Mai erbl\u00fchen.<\/p>\n","protected":false},"featured_media":4964,"template":"","meta":{"_acf_changed":false},"product_brand":[],"product_cat":[8813],"product_tag":[10898,8565,8401],"class_list":{"0":"post-15453","1":"product","2":"type-product","3":"status-publish","4":"has-post-thumbnail","6":"product_cat-laubbaume-und-straucher","7":"product_tag-naturlichen","8":"product_tag-halbstamm","9":"product_tag-hochstamm","10":"pa_altezza-massima-500-de","11":"pa_altezza-massima-1000-de-2","12":"pa_arte-topiaria-verfuegbar-formgehoelze","13":"pa_colore-fioritura-rose-de","14":"pa_condizionamento-clt-de","15":"pa_condizionamento-m-de","16":"pa_famiglia-rosaceae-de","17":"pa_genere-prunus-de","18":"pa_inquinamento-bestaendigkeit-gegen-smog","19":"pa_origine-ostasien","20":"pa_periodo-fioritura-mai-de","21":"pa_portamento-piangente-de","22":"pa_resistenza-climatica-sehr-hoch","23":"pa_resistenza-del-suolo-bestandig-gegen-kalkhaltige-boden","24":"pa_utilizzo-kleine-gaerten","25":"pa_utilizzo-parks-de","27":"first","28":"instock","29":"purchasable","30":"product-type-simple"},"acf":[],"_links":{"self":[{"href":"https:\/\/innocentiemangonipiante.it\/de\/wp-json\/wp\/v2\/product\/15453","targetHints":{"allow":["GET"]}}],"collection":[{"href":"https:\/\/innocentiemangonipiante.it\/de\/wp-json\/wp\/v2\/product"}],"about":[{"href":"https:\/\/innocentiemangonipiante.it\/de\/wp-json\/wp\/v2\/types\/product"}],"wp:featuredmedia":[{"embeddable":true,"href":"https:\/\/innocentiemangonipiante.it\/de\/wp-json\/wp\/v2\/media\/4964"}],"wp:attachment":[{"href":"https:\/\/innocentiemangonipiante.it\/de\/wp-json\/wp\/v2\/media?parent=15453"}],"wp:term":[{"taxonomy":"product_brand","embeddable":true,"href":"https:\/\/innocentiemangonipiante.it\/de\/wp-json\/wp\/v2\/product_brand?post=15453"},{"taxonomy":"product_cat","embeddable":true,"href":"https:\/\/innocentiemangonipiante.it\/de\/wp-json\/wp\/v2\/product_cat?post=15453"},{"taxonomy":"product_tag","embeddable":true,"href":"https:\/\/innocentiemangonipiante.it\/de\/wp-json\/wp\/v2\/product_tag?post=15453"}],"curies":[{"name":"wp","href":"https:\/\/api.w.org\/{rel}","templated":true}]}}