{"id":15454,"date":"2023-11-04T02:35:05","date_gmt":"2023-11-04T01:35:05","guid":{"rendered":"http:\/\/innocentiemangonipiante.it\/prunus-serrulata-tai-haku\/"},"modified":"2023-11-06T19:42:03","modified_gmt":"2023-11-06T18:42:03","slug":"prunus-serrulata-tai-haku","status":"publish","type":"product","link":"https:\/\/innocentiemangonipiante.it\/de\/prunus-serrulata-tai-haku\/","title":{"rendered":"PRUNUS serrulata &#8218;Tai Haku&#8216;"},"content":{"rendered":"<p>Einfache weisse Bl\u00fcten bis 8cm Diameter! Die neuen Bl\u00e4tter sind beim Austrieb bronzig-gelb, nachher gr\u00fcn.<\/p>\n","protected":false},"excerpt":{"rendered":"<p>Einfache weisse Bl\u00fcten bis 8cm Diameter! Die neuen Bl\u00e4tter sind beim Austrieb bronzig-gelb, nachher gr\u00fcn.<\/p>\n","protected":false},"featured_media":4994,"template":"","meta":{"_acf_changed":false},"product_brand":[],"product_cat":[8813],"product_tag":[10898,8401,8597],"class_list":{"0":"post-15454","1":"product","2":"type-product","3":"status-publish","4":"has-post-thumbnail","6":"product_cat-laubbaume-und-straucher","7":"product_tag-naturlichen","8":"product_tag-hochstamm","9":"product_tag-multistamm","10":"pa_altezza-massima-500-de","11":"pa_altezza-massima-1000-de-2","12":"pa_colore-fioritura-weis","13":"pa_condizionamento-clt-de","14":"pa_condizionamento-m-de","15":"pa_famiglia-rosaceae-de","16":"pa_genere-prunus-de","17":"pa_inquinamento-bestaendigkeit-gegen-smog","18":"pa_origine-ostasien","19":"pa_periodo-fioritura-april-de","20":"pa_portamento-arrotondato-de","21":"pa_resistenza-climatica-sehr-hoch","22":"pa_resistenza-del-suolo-bestandig-gegen-kalkhaltige-boden","23":"pa_utilizzo-kleine-gaerten","24":"pa_utilizzo-parks-de","26":"first","27":"instock","28":"purchasable","29":"product-type-simple"},"acf":[],"_links":{"self":[{"href":"https:\/\/innocentiemangonipiante.it\/de\/wp-json\/wp\/v2\/product\/15454","targetHints":{"allow":["GET"]}}],"collection":[{"href":"https:\/\/innocentiemangonipiante.it\/de\/wp-json\/wp\/v2\/product"}],"about":[{"href":"https:\/\/innocentiemangonipiante.it\/de\/wp-json\/wp\/v2\/types\/product"}],"wp:featuredmedia":[{"embeddable":true,"href":"https:\/\/innocentiemangonipiante.it\/de\/wp-json\/wp\/v2\/media\/4994"}],"wp:attachment":[{"href":"https:\/\/innocentiemangonipiante.it\/de\/wp-json\/wp\/v2\/media?parent=15454"}],"wp:term":[{"taxonomy":"product_brand","embeddable":true,"href":"https:\/\/innocentiemangonipiante.it\/de\/wp-json\/wp\/v2\/product_brand?post=15454"},{"taxonomy":"product_cat","embeddable":true,"href":"https:\/\/innocentiemangonipiante.it\/de\/wp-json\/wp\/v2\/product_cat?post=15454"},{"taxonomy":"product_tag","embeddable":true,"href":"https:\/\/innocentiemangonipiante.it\/de\/wp-json\/wp\/v2\/product_tag?post=15454"}],"curies":[{"name":"wp","href":"https:\/\/api.w.org\/{rel}","templated":true}]}}