{"id":15457,"date":"2023-11-04T02:34:58","date_gmt":"2023-11-04T01:34:58","guid":{"rendered":"http:\/\/innocentiemangonipiante.it\/prunus-serrulata-sunset-boulevard\/"},"modified":"2023-11-06T19:42:00","modified_gmt":"2023-11-06T18:42:00","slug":"prunus-serrulata-sunset-boulevard","status":"publish","type":"product","link":"https:\/\/innocentiemangonipiante.it\/de\/prunus-serrulata-sunset-boulevard\/","title":{"rendered":"PRUNUS serrulata &#8218;Sunset Boulevard&#8216;"},"content":{"rendered":"<p>Mittelw\u00fcchsiger Baum mit breit-eif\u00f6rmigem Habitus. Beim Austrieb sind die Blatter bronze-gelbfarbig, im Sommer gr\u00fcn und im Herbst goldgelbfarbig. Einfach-bl\u00fchende weisse, rosager\u00e4nderte Bl\u00fcten.<\/p>\n","protected":false},"excerpt":{"rendered":"<p>Mittelw\u00fcchsiger Baum mit breit-eif\u00f6rmigem Habitus. Beim Austrieb sind die Blatter bronze-gelbfarbig, im Sommer gr\u00fcn und im Herbst goldgelbfarbig. Einfach-bl\u00fchende weisse, rosager\u00e4nderte Bl\u00fcten.<\/p>\n","protected":false},"featured_media":4988,"template":"","meta":{"_acf_changed":false},"product_brand":[],"product_cat":[8813],"product_tag":[10898,8401],"class_list":{"0":"post-15457","1":"product","2":"type-product","3":"status-publish","4":"has-post-thumbnail","6":"product_cat-laubbaume-und-straucher","7":"product_tag-naturlichen","8":"product_tag-hochstamm","9":"pa_altezza-massima-300-de","10":"pa_altezza-massima-600-de","11":"pa_colore-fioritura-weis","12":"pa_condizionamento-clt-de","13":"pa_condizionamento-m-de","14":"pa_famiglia-rosaceae-de","15":"pa_genere-prunus-de","16":"pa_inquinamento-bestaendigkeit-gegen-smog","17":"pa_origine-u-s-a","18":"pa_periodo-fioritura-april-de","19":"pa_portamento-arrotondato-de","20":"pa_resistenza-climatica-sehr-hoch","21":"pa_resistenza-del-suolo-bestandig-gegen-kalkhaltige-boden","22":"pa_utilizzo-kleine-gaerten","23":"pa_utilizzo-parks-de","25":"first","26":"instock","27":"purchasable","28":"product-type-simple"},"acf":[],"_links":{"self":[{"href":"https:\/\/innocentiemangonipiante.it\/de\/wp-json\/wp\/v2\/product\/15457","targetHints":{"allow":["GET"]}}],"collection":[{"href":"https:\/\/innocentiemangonipiante.it\/de\/wp-json\/wp\/v2\/product"}],"about":[{"href":"https:\/\/innocentiemangonipiante.it\/de\/wp-json\/wp\/v2\/types\/product"}],"wp:featuredmedia":[{"embeddable":true,"href":"https:\/\/innocentiemangonipiante.it\/de\/wp-json\/wp\/v2\/media\/4988"}],"wp:attachment":[{"href":"https:\/\/innocentiemangonipiante.it\/de\/wp-json\/wp\/v2\/media?parent=15457"}],"wp:term":[{"taxonomy":"product_brand","embeddable":true,"href":"https:\/\/innocentiemangonipiante.it\/de\/wp-json\/wp\/v2\/product_brand?post=15457"},{"taxonomy":"product_cat","embeddable":true,"href":"https:\/\/innocentiemangonipiante.it\/de\/wp-json\/wp\/v2\/product_cat?post=15457"},{"taxonomy":"product_tag","embeddable":true,"href":"https:\/\/innocentiemangonipiante.it\/de\/wp-json\/wp\/v2\/product_tag?post=15457"}],"curies":[{"name":"wp","href":"https:\/\/api.w.org\/{rel}","templated":true}]}}