{"id":15458,"date":"2023-11-04T02:34:37","date_gmt":"2023-11-04T01:34:37","guid":{"rendered":"http:\/\/innocentiemangonipiante.it\/prunus-serrulata-royal-burgundy\/"},"modified":"2023-11-06T19:41:51","modified_gmt":"2023-11-06T18:41:51","slug":"prunus-serrulata-royal-burgundy","status":"publish","type":"product","link":"https:\/\/innocentiemangonipiante.it\/de\/prunus-serrulata-royal-burgundy\/","title":{"rendered":"PRUNUS serrulata &#8218;Royal Burgundy&#8216;"},"content":{"rendered":"<p>Dunkle purpurrote Bl\u00e4tter und rosafarbige Doppelbl\u00fcte in Mengen w\u00e4hrend dem Fr\u00fchling.<\/p>\n","protected":false},"excerpt":{"rendered":"<p>Dunkle purpurrote Bl\u00e4tter und rosafarbige Doppelbl\u00fcte in Mengen w\u00e4hrend dem Fr\u00fchling.<\/p>\n","protected":false},"featured_media":4970,"template":"","meta":{"_acf_changed":false},"product_brand":[],"product_cat":[8813],"product_tag":[10898,8565,8401],"class_list":{"0":"post-15458","1":"product","2":"type-product","3":"status-publish","4":"has-post-thumbnail","6":"product_cat-laubbaume-und-straucher","7":"product_tag-naturlichen","8":"product_tag-halbstamm","9":"product_tag-hochstamm","10":"pa_altezza-massima-500-de","11":"pa_altezza-massima-800-de","12":"pa_colore-delle-foglie-roten","13":"pa_colore-fioritura-rose-de","14":"pa_condizionamento-clt-de","15":"pa_condizionamento-m-de","16":"pa_famiglia-rosaceae-de","17":"pa_genere-prunus-de","18":"pa_inquinamento-bestaendigkeit-gegen-smog","19":"pa_origine-u-s-a","20":"pa_periodo-fioritura-april-de","21":"pa_portamento-eretto-de","22":"pa_resistenza-climatica-sehr-hoch","23":"pa_resistenza-del-suolo-bestandig-gegen-kalkhaltige-boden","24":"pa_utilizzo-alleen","25":"pa_utilizzo-kleine-gaerten","26":"pa_utilizzo-parks-de","28":"first","29":"instock","30":"purchasable","31":"product-type-simple"},"acf":[],"_links":{"self":[{"href":"https:\/\/innocentiemangonipiante.it\/de\/wp-json\/wp\/v2\/product\/15458","targetHints":{"allow":["GET"]}}],"collection":[{"href":"https:\/\/innocentiemangonipiante.it\/de\/wp-json\/wp\/v2\/product"}],"about":[{"href":"https:\/\/innocentiemangonipiante.it\/de\/wp-json\/wp\/v2\/types\/product"}],"wp:featuredmedia":[{"embeddable":true,"href":"https:\/\/innocentiemangonipiante.it\/de\/wp-json\/wp\/v2\/media\/4970"}],"wp:attachment":[{"href":"https:\/\/innocentiemangonipiante.it\/de\/wp-json\/wp\/v2\/media?parent=15458"}],"wp:term":[{"taxonomy":"product_brand","embeddable":true,"href":"https:\/\/innocentiemangonipiante.it\/de\/wp-json\/wp\/v2\/product_brand?post=15458"},{"taxonomy":"product_cat","embeddable":true,"href":"https:\/\/innocentiemangonipiante.it\/de\/wp-json\/wp\/v2\/product_cat?post=15458"},{"taxonomy":"product_tag","embeddable":true,"href":"https:\/\/innocentiemangonipiante.it\/de\/wp-json\/wp\/v2\/product_tag?post=15458"}],"curies":[{"name":"wp","href":"https:\/\/api.w.org\/{rel}","templated":true}]}}