{"id":15459,"date":"2023-11-04T02:34:14","date_gmt":"2023-11-04T01:34:14","guid":{"rendered":"http:\/\/innocentiemangonipiante.it\/prunus-serrulata-kanzan\/"},"modified":"2023-11-06T19:41:36","modified_gmt":"2023-11-06T18:41:36","slug":"prunus-serrulata-kanzan","status":"publish","type":"product","link":"https:\/\/innocentiemangonipiante.it\/de\/prunus-serrulata-kanzan\/","title":{"rendered":"PRUNUS serrulata &#8218;Kanzan&#8216;"},"content":{"rendered":"<p>Sommergr\u00fcner Baum oder mittlerer Strauch. Die eif\u00f6rmigen Bl\u00e4tter sind zun\u00e4chst bronzefarben, dann dunkelgr\u00fcn und werden bis 10 cm lang. Im Mai intensiv rosafarbene Doppelbl\u00fcten in Gruppen von 2-5 Bl\u00fcten.<\/p>\n","protected":false},"excerpt":{"rendered":"<p>Sommergr\u00fcner Baum oder mittlerer Strauch. Die eif\u00f6rmigen Bl\u00e4tter sind zun\u00e4chst bronzefarben, dann dunkelgr\u00fcn und werden bis 10 cm lang. Im Mai intensiv rosafarbene Doppelbl\u00fcten in Gruppen von 2-5 Bl\u00fcten.<\/p>\n","protected":false},"featured_media":4958,"template":"","meta":{"_acf_changed":false},"product_brand":[],"product_cat":[8813],"product_tag":[10898,8565,8401],"class_list":{"0":"post-15459","1":"product","2":"type-product","3":"status-publish","4":"has-post-thumbnail","6":"product_cat-laubbaume-und-straucher","7":"product_tag-naturlichen","8":"product_tag-halbstamm","9":"product_tag-hochstamm","10":"pa_altezza-massima-500-de","11":"pa_altezza-massima-1000-de-2","12":"pa_arte-topiaria-verfuegbar-formgehoelze","13":"pa_colore-fioritura-rose-de","14":"pa_condizionamento-clt-de","15":"pa_condizionamento-m-de","16":"pa_famiglia-rosaceae-de","17":"pa_genere-prunus-de","18":"pa_inquinamento-bestaendigkeit-gegen-smog","19":"pa_origine-ostasien","20":"pa_periodo-fioritura-mai-de","21":"pa_portamento-eretto-de","22":"pa_profumo-zart","23":"pa_resistenza-climatica-sehr-hoch","24":"pa_resistenza-del-suolo-bestandig-gegen-kalkhaltige-boden","25":"pa_utilizzo-alleen","26":"pa_utilizzo-parks-de","28":"first","29":"instock","30":"purchasable","31":"product-type-simple"},"acf":[],"_links":{"self":[{"href":"https:\/\/innocentiemangonipiante.it\/de\/wp-json\/wp\/v2\/product\/15459","targetHints":{"allow":["GET"]}}],"collection":[{"href":"https:\/\/innocentiemangonipiante.it\/de\/wp-json\/wp\/v2\/product"}],"about":[{"href":"https:\/\/innocentiemangonipiante.it\/de\/wp-json\/wp\/v2\/types\/product"}],"wp:featuredmedia":[{"embeddable":true,"href":"https:\/\/innocentiemangonipiante.it\/de\/wp-json\/wp\/v2\/media\/4958"}],"wp:attachment":[{"href":"https:\/\/innocentiemangonipiante.it\/de\/wp-json\/wp\/v2\/media?parent=15459"}],"wp:term":[{"taxonomy":"product_brand","embeddable":true,"href":"https:\/\/innocentiemangonipiante.it\/de\/wp-json\/wp\/v2\/product_brand?post=15459"},{"taxonomy":"product_cat","embeddable":true,"href":"https:\/\/innocentiemangonipiante.it\/de\/wp-json\/wp\/v2\/product_cat?post=15459"},{"taxonomy":"product_tag","embeddable":true,"href":"https:\/\/innocentiemangonipiante.it\/de\/wp-json\/wp\/v2\/product_tag?post=15459"}],"curies":[{"name":"wp","href":"https:\/\/api.w.org\/{rel}","templated":true}]}}