{"id":15461,"date":"2023-11-04T02:33:54","date_gmt":"2023-11-04T01:33:54","guid":{"rendered":"http:\/\/innocentiemangonipiante.it\/prunus-sargentii-rancho\/"},"modified":"2023-11-06T19:41:26","modified_gmt":"2023-11-06T18:41:26","slug":"prunus-sargentii-rancho","status":"publish","type":"product","link":"https:\/\/innocentiemangonipiante.it\/de\/prunus-sargentii-rancho\/","title":{"rendered":"PRUNUS sargentii &#8218;Rancho&#8216;"},"content":{"rendered":"<p>Kleinere Arten, hat eine aufrechte Haltung und einen vasenf\u00f6rmigen Kronen. Die Bl\u00e4tter sind braun und werden gr\u00fcn im Sommer. Die Herbstfarben sind rot und orange. Mitte April bedecken rosa Blumen den Baum, die manchmal durch leuchtend orange Fruchte in orange Farbe, rot und lila-schwarz gefolgt sind.<\/p>\n","protected":false},"excerpt":{"rendered":"<p>Kleinere Arten, hat eine aufrechte Haltung und einen vasenf\u00f6rmigen Kronen. Die Bl\u00e4tter sind braun und werden gr\u00fcn im Sommer. Die Herbstfarben sind rot und orange. Mitte April bedecken rosa Blumen den Baum, die manchmal durch leuchtend orange Fruchte in orange Farbe, rot und lila-schwarz gefolgt sind.<\/p>\n","protected":false},"featured_media":24054,"template":"","meta":{"_acf_changed":false},"product_brand":[],"product_cat":[8813],"product_tag":[10898,8401,8597],"class_list":{"0":"post-15461","1":"product","2":"type-product","3":"status-publish","4":"has-post-thumbnail","6":"product_cat-laubbaume-und-straucher","7":"product_tag-naturlichen","8":"product_tag-hochstamm","9":"product_tag-multistamm","10":"pa_altezza-massima-500-de","11":"pa_altezza-massima-800-de","12":"pa_colore-fioritura-rose-de","13":"pa_condizionamento-clt-de","14":"pa_condizionamento-m-de","15":"pa_famiglia-rosaceae-de","16":"pa_genere-prunus-de","17":"pa_inquinamento-bestaendigkeit-gegen-smog","18":"pa_origine-u-s-a","19":"pa_periodo-fioritura-april-de","20":"pa_portamento-saulenformig","21":"pa_resistenza-climatica-sehr-hoch","22":"pa_resistenza-del-suolo-bestandig-gegen-kalkhaltige-boden","23":"pa_utilizzo-alleen","24":"pa_utilizzo-parks-de","26":"first","27":"instock","28":"purchasable","29":"product-type-simple"},"acf":[],"_links":{"self":[{"href":"https:\/\/innocentiemangonipiante.it\/de\/wp-json\/wp\/v2\/product\/15461","targetHints":{"allow":["GET"]}}],"collection":[{"href":"https:\/\/innocentiemangonipiante.it\/de\/wp-json\/wp\/v2\/product"}],"about":[{"href":"https:\/\/innocentiemangonipiante.it\/de\/wp-json\/wp\/v2\/types\/product"}],"wp:featuredmedia":[{"embeddable":true,"href":"https:\/\/innocentiemangonipiante.it\/de\/wp-json\/wp\/v2\/media\/24054"}],"wp:attachment":[{"href":"https:\/\/innocentiemangonipiante.it\/de\/wp-json\/wp\/v2\/media?parent=15461"}],"wp:term":[{"taxonomy":"product_brand","embeddable":true,"href":"https:\/\/innocentiemangonipiante.it\/de\/wp-json\/wp\/v2\/product_brand?post=15461"},{"taxonomy":"product_cat","embeddable":true,"href":"https:\/\/innocentiemangonipiante.it\/de\/wp-json\/wp\/v2\/product_cat?post=15461"},{"taxonomy":"product_tag","embeddable":true,"href":"https:\/\/innocentiemangonipiante.it\/de\/wp-json\/wp\/v2\/product_tag?post=15461"}],"curies":[{"name":"wp","href":"https:\/\/api.w.org\/{rel}","templated":true}]}}