{"id":15462,"date":"2023-11-04T02:33:47","date_gmt":"2023-11-04T01:33:47","guid":{"rendered":"http:\/\/innocentiemangonipiante.it\/prunus-sargentii\/"},"modified":"2023-11-06T19:41:23","modified_gmt":"2023-11-06T18:41:23","slug":"prunus-sargentii","status":"publish","type":"product","link":"https:\/\/innocentiemangonipiante.it\/de\/prunus-sargentii\/","title":{"rendered":"PRUNUS sargentii"},"content":{"rendered":"<p>Sehr attraktive Rinde, sch\u00f6ne Farbe des Herbstlaub und zarten rosa Bl\u00fcten, ist Prunus sargentii hoch f\u00fcr das Haus und die Stadtlandschaft empfohlen.<\/p>\n","protected":false},"excerpt":{"rendered":"<p>Sehr attraktive Rinde, sch\u00f6ne Farbe des Herbstlaub und zarten rosa Bl\u00fcten, ist Prunus sargentii hoch f\u00fcr das Haus und die Stadtlandschaft empfohlen.<\/p>\n","protected":false},"featured_media":4950,"template":"","meta":{"_acf_changed":false},"product_brand":[],"product_cat":[8813],"product_tag":[10898,8401,8597],"class_list":{"0":"post-15462","1":"product","2":"type-product","3":"status-publish","4":"has-post-thumbnail","6":"product_cat-laubbaume-und-straucher","7":"product_tag-naturlichen","8":"product_tag-hochstamm","9":"product_tag-multistamm","10":"pa_altezza-massima-800-de","11":"pa_altezza-massima-12-meter","12":"pa_colore-fioritura-rose-de","13":"pa_condizionamento-clt-de","14":"pa_condizionamento-m-de","15":"pa_famiglia-rosaceae-de","16":"pa_genere-prunus-de","17":"pa_origine-ostasien","18":"pa_periodo-fioritura-april-de","19":"pa_periodo-fioritura-maerz","20":"pa_portamento-eretto-de","21":"pa_resistenza-climatica-sehr-hoch","22":"pa_utilizzo-alleen","23":"pa_utilizzo-parks-de","25":"first","26":"instock","27":"purchasable","28":"product-type-simple"},"acf":[],"_links":{"self":[{"href":"https:\/\/innocentiemangonipiante.it\/de\/wp-json\/wp\/v2\/product\/15462","targetHints":{"allow":["GET"]}}],"collection":[{"href":"https:\/\/innocentiemangonipiante.it\/de\/wp-json\/wp\/v2\/product"}],"about":[{"href":"https:\/\/innocentiemangonipiante.it\/de\/wp-json\/wp\/v2\/types\/product"}],"wp:featuredmedia":[{"embeddable":true,"href":"https:\/\/innocentiemangonipiante.it\/de\/wp-json\/wp\/v2\/media\/4950"}],"wp:attachment":[{"href":"https:\/\/innocentiemangonipiante.it\/de\/wp-json\/wp\/v2\/media?parent=15462"}],"wp:term":[{"taxonomy":"product_brand","embeddable":true,"href":"https:\/\/innocentiemangonipiante.it\/de\/wp-json\/wp\/v2\/product_brand?post=15462"},{"taxonomy":"product_cat","embeddable":true,"href":"https:\/\/innocentiemangonipiante.it\/de\/wp-json\/wp\/v2\/product_cat?post=15462"},{"taxonomy":"product_tag","embeddable":true,"href":"https:\/\/innocentiemangonipiante.it\/de\/wp-json\/wp\/v2\/product_tag?post=15462"}],"curies":[{"name":"wp","href":"https:\/\/api.w.org\/{rel}","templated":true}]}}