{"id":15463,"date":"2023-11-04T02:33:40","date_gmt":"2023-11-04T01:33:40","guid":{"rendered":"http:\/\/innocentiemangonipiante.it\/prunus-padus-watereri\/"},"modified":"2023-11-06T19:41:20","modified_gmt":"2023-11-06T18:41:20","slug":"prunus-padus-watereri","status":"publish","type":"product","link":"https:\/\/innocentiemangonipiante.it\/de\/prunus-padus-watereri\/","title":{"rendered":"PRUNUS padus &#8218;Watereri&#8216;"},"content":{"rendered":"<p>Sommergr\u00fcner Baum mit weissen bis 20 cm langen Bl\u00fctentrauben. Regelm\u00e4\u00dfiger und kompakter Wuchs.<\/p>\n","protected":false},"excerpt":{"rendered":"<p>Sommergr\u00fcner Baum mit weissen bis 20 cm langen Bl\u00fctentrauben. Regelm\u00e4\u00dfiger und kompakter Wuchs.<\/p>\n","protected":false},"featured_media":4944,"template":"","meta":{"_acf_changed":false},"product_brand":[],"product_cat":[8813],"product_tag":[10898,8401],"class_list":{"0":"post-15463","1":"product","2":"type-product","3":"status-publish","4":"has-post-thumbnail","6":"product_cat-laubbaume-und-straucher","7":"product_tag-naturlichen","8":"product_tag-hochstamm","9":"pa_altezza-massima-600-de","10":"pa_altezza-massima-900-de","11":"pa_colore-fioritura-weis","12":"pa_condizionamento-clt-de","13":"pa_condizionamento-m-de","14":"pa_famiglia-rosaceae-de","15":"pa_genere-prunus-de","16":"pa_inquinamento-bestaendigkeit-gegen-smog","17":"pa_origine-europe-de","18":"pa_origine-middle-asia-de","19":"pa_periodo-fioritura-april-de","20":"pa_periodo-fioritura-mai-de","21":"pa_portamento-arrotondato-de","22":"pa_resistenza-climatica-sehr-hoch","23":"pa_resistenza-del-suolo-bestandig-gegen-kalkhaltige-boden","24":"pa_resistenza-del-suolo-bestandigkeit-auf-feuchten-boden","25":"pa_resistenza-del-suolo-resistent-gegen-arme-boeden","26":"pa_salinita-bestaendigkeit-in-meeresluft","27":"pa_utilizzo-alleen","28":"pa_utilizzo-parks-de","30":"first","31":"instock","32":"purchasable","33":"product-type-simple"},"acf":[],"_links":{"self":[{"href":"https:\/\/innocentiemangonipiante.it\/de\/wp-json\/wp\/v2\/product\/15463","targetHints":{"allow":["GET"]}}],"collection":[{"href":"https:\/\/innocentiemangonipiante.it\/de\/wp-json\/wp\/v2\/product"}],"about":[{"href":"https:\/\/innocentiemangonipiante.it\/de\/wp-json\/wp\/v2\/types\/product"}],"wp:featuredmedia":[{"embeddable":true,"href":"https:\/\/innocentiemangonipiante.it\/de\/wp-json\/wp\/v2\/media\/4944"}],"wp:attachment":[{"href":"https:\/\/innocentiemangonipiante.it\/de\/wp-json\/wp\/v2\/media?parent=15463"}],"wp:term":[{"taxonomy":"product_brand","embeddable":true,"href":"https:\/\/innocentiemangonipiante.it\/de\/wp-json\/wp\/v2\/product_brand?post=15463"},{"taxonomy":"product_cat","embeddable":true,"href":"https:\/\/innocentiemangonipiante.it\/de\/wp-json\/wp\/v2\/product_cat?post=15463"},{"taxonomy":"product_tag","embeddable":true,"href":"https:\/\/innocentiemangonipiante.it\/de\/wp-json\/wp\/v2\/product_tag?post=15463"}],"curies":[{"name":"wp","href":"https:\/\/api.w.org\/{rel}","templated":true}]}}