{"id":15465,"date":"2023-11-04T02:30:07","date_gmt":"2023-11-04T01:30:07","guid":{"rendered":"http:\/\/innocentiemangonipiante.it\/prunus-pandora\/"},"modified":"2023-11-06T19:38:44","modified_gmt":"2023-11-06T18:38:44","slug":"prunus-pandora","status":"publish","type":"product","link":"https:\/\/innocentiemangonipiante.it\/de\/prunus-pandora\/","title":{"rendered":"PRUNUS &#8218;Pandora&#8216;"},"content":{"rendered":"<p>Kleiner Baum mit s\u00e4ulenf\u00f6rmiger Krone. Sie bl\u00fcht mit gro\u00dfen rosa Schale bis wei\u00dfen Bl\u00fcten am Ende M\u00e4rz. Das Laub ist bronzerot im Fr\u00fchjahr wandte sich gr\u00fcn im Verlauf der Saison. Sehr sch\u00f6ne Herbstf\u00e4rbung. Geeignet f\u00fcr G\u00e4rten und Parks, und sogar als Alleebaum.<\/p>\n","protected":false},"excerpt":{"rendered":"<p>Kleiner Baum mit s\u00e4ulenf\u00f6rmiger Krone. Sie bl\u00fcht mit gro\u00dfen rosa Schale bis wei\u00dfen Bl\u00fcten am Ende M\u00e4rz. Das Laub ist bronzerot im Fr\u00fchjahr wandte sich gr\u00fcn im Verlauf der Saison. Sehr sch\u00f6ne Herbstf\u00e4rbung. Geeignet f\u00fcr G\u00e4rten und Parks, und sogar als Alleebaum.<\/p>\n","protected":false},"featured_media":4841,"template":"","meta":{"_acf_changed":false},"product_brand":[],"product_cat":[8813],"product_tag":[10898,8401,8597],"class_list":{"0":"post-15465","1":"product","2":"type-product","3":"status-publish","4":"has-post-thumbnail","6":"product_cat-laubbaume-und-straucher","7":"product_tag-naturlichen","8":"product_tag-hochstamm","9":"product_tag-multistamm","10":"pa_altezza-massima-800-de","11":"pa_altezza-massima-1000-de-2","12":"pa_colore-fioritura-weis","13":"pa_condizionamento-clt-de","14":"pa_condizionamento-m-de","15":"pa_famiglia-rosaceae-de","16":"pa_genere-prunus-de","17":"pa_inquinamento-bestaendigkeit-gegen-smog","18":"pa_origine-europe-de","19":"pa_periodo-fioritura-maerz","20":"pa_portamento-saulenformig","21":"pa_profumo-zart","22":"pa_resistenza-climatica-sehr-hoch","23":"pa_resistenza-del-suolo-bestandig-gegen-kalkhaltige-boden","24":"pa_utilizzo-kleine-gaerten","26":"first","27":"instock","28":"purchasable","29":"product-type-simple"},"acf":[],"_links":{"self":[{"href":"https:\/\/innocentiemangonipiante.it\/de\/wp-json\/wp\/v2\/product\/15465","targetHints":{"allow":["GET"]}}],"collection":[{"href":"https:\/\/innocentiemangonipiante.it\/de\/wp-json\/wp\/v2\/product"}],"about":[{"href":"https:\/\/innocentiemangonipiante.it\/de\/wp-json\/wp\/v2\/types\/product"}],"wp:featuredmedia":[{"embeddable":true,"href":"https:\/\/innocentiemangonipiante.it\/de\/wp-json\/wp\/v2\/media\/4841"}],"wp:attachment":[{"href":"https:\/\/innocentiemangonipiante.it\/de\/wp-json\/wp\/v2\/media?parent=15465"}],"wp:term":[{"taxonomy":"product_brand","embeddable":true,"href":"https:\/\/innocentiemangonipiante.it\/de\/wp-json\/wp\/v2\/product_brand?post=15465"},{"taxonomy":"product_cat","embeddable":true,"href":"https:\/\/innocentiemangonipiante.it\/de\/wp-json\/wp\/v2\/product_cat?post=15465"},{"taxonomy":"product_tag","embeddable":true,"href":"https:\/\/innocentiemangonipiante.it\/de\/wp-json\/wp\/v2\/product_tag?post=15465"}],"curies":[{"name":"wp","href":"https:\/\/api.w.org\/{rel}","templated":true}]}}