{"id":15466,"date":"2023-11-04T02:30:00","date_gmt":"2023-11-04T01:30:00","guid":{"rendered":"http:\/\/innocentiemangonipiante.it\/prunus-okame\/"},"modified":"2023-11-06T19:38:40","modified_gmt":"2023-11-06T18:38:40","slug":"prunus-okame","status":"publish","type":"product","link":"https:\/\/innocentiemangonipiante.it\/de\/prunus-okame\/","title":{"rendered":"PRUNUS &#8218;Okame&#8216;"},"content":{"rendered":"<p>Buschige Baumkronen, erreicht Gr\u00f6\u00dfen von 10&#215;8 m. Anfang Fr\u00fchjahr produziert Massen von einzelnen Blumen in Farbe Fucsia-karminrot.<\/p>\n","protected":false},"excerpt":{"rendered":"<p>Buschige Baumkronen, erreicht Gr\u00f6\u00dfen von 10&#215;8 m. Anfang Fr\u00fchjahr produziert Massen von einzelnen Blumen in Farbe Fucsia-karminrot.<\/p>\n","protected":false},"featured_media":4835,"template":"","meta":{"_acf_changed":false},"product_brand":[],"product_cat":[8813],"product_tag":[10898,8401],"class_list":{"0":"post-15466","1":"product","2":"type-product","3":"status-publish","4":"has-post-thumbnail","6":"product_cat-laubbaume-und-straucher","7":"product_tag-naturlichen","8":"product_tag-hochstamm","9":"pa_altezza-massima-600-de","10":"pa_altezza-massima-900-de","11":"pa_colore-fioritura-rose-de","12":"pa_condizionamento-m-de","13":"pa_famiglia-rosaceae-de","14":"pa_genere-prunus-de","15":"pa_inquinamento-bestaendigkeit-gegen-smog","16":"pa_origine-asien","17":"pa_periodo-fioritura-april-de","18":"pa_periodo-fioritura-maerz","19":"pa_portamento-arrotondato-de","20":"pa_profumo-zart","21":"pa_resistenza-climatica-sehr-hoch","22":"pa_resistenza-del-suolo-bestandig-gegen-kalkhaltige-boden","23":"pa_utilizzo-kleine-gaerten","24":"pa_utilizzo-parks-de","26":"first","27":"instock","28":"purchasable","29":"product-type-simple"},"acf":[],"_links":{"self":[{"href":"https:\/\/innocentiemangonipiante.it\/de\/wp-json\/wp\/v2\/product\/15466","targetHints":{"allow":["GET"]}}],"collection":[{"href":"https:\/\/innocentiemangonipiante.it\/de\/wp-json\/wp\/v2\/product"}],"about":[{"href":"https:\/\/innocentiemangonipiante.it\/de\/wp-json\/wp\/v2\/types\/product"}],"wp:featuredmedia":[{"embeddable":true,"href":"https:\/\/innocentiemangonipiante.it\/de\/wp-json\/wp\/v2\/media\/4835"}],"wp:attachment":[{"href":"https:\/\/innocentiemangonipiante.it\/de\/wp-json\/wp\/v2\/media?parent=15466"}],"wp:term":[{"taxonomy":"product_brand","embeddable":true,"href":"https:\/\/innocentiemangonipiante.it\/de\/wp-json\/wp\/v2\/product_brand?post=15466"},{"taxonomy":"product_cat","embeddable":true,"href":"https:\/\/innocentiemangonipiante.it\/de\/wp-json\/wp\/v2\/product_cat?post=15466"},{"taxonomy":"product_tag","embeddable":true,"href":"https:\/\/innocentiemangonipiante.it\/de\/wp-json\/wp\/v2\/product_tag?post=15466"}],"curies":[{"name":"wp","href":"https:\/\/api.w.org\/{rel}","templated":true}]}}