{"id":15468,"date":"2023-11-04T02:32:52","date_gmt":"2023-11-04T01:32:52","guid":{"rendered":"http:\/\/innocentiemangonipiante.it\/prunus-lusitanica-angustifolia\/"},"modified":"2023-11-06T19:40:41","modified_gmt":"2023-11-06T18:40:41","slug":"prunus-lusitanica-angustifolia","status":"publish","type":"product","link":"https:\/\/innocentiemangonipiante.it\/de\/prunus-lusitanica-angustifolia\/","title":{"rendered":"PRUNUS lusitanica &#8218;Angustifolia&#8216;"},"content":{"rendered":"<p>Die elliptischen Bl\u00e4ttern sind kleiner als die der Grundsorte. Langsames Wachstum und kompakter und nat\u00fcrlicher kegelf\u00f6rmiger Wuchs.<\/p>\n","protected":false},"excerpt":{"rendered":"<p>Die elliptischen Bl\u00e4ttern sind kleiner als die der Grundsorte. Langsames Wachstum und kompakter und nat\u00fcrlicher kegelf\u00f6rmiger Wuchs.<\/p>\n","protected":false},"featured_media":4926,"template":"","meta":{"_acf_changed":false},"product_brand":[],"product_cat":[8813],"product_tag":[10898,8736,8565,8401,8425,8536,8705,8751],"class_list":{"0":"post-15468","1":"product","2":"type-product","3":"status-publish","4":"has-post-thumbnail","6":"product_cat-laubbaume-und-straucher","7":"product_tag-naturlichen","8":"product_tag-fusstamm","9":"product_tag-halbstamm","10":"product_tag-hochstamm","11":"product_tag-hochstamm-spalier","12":"product_tag-kegel","13":"product_tag-kugel","14":"product_tag-spalier","15":"pa_altezza-massima-600-de","16":"pa_altezza-massima-900-de","17":"pa_colore-fioritura-weis","18":"pa_condizionamento-clt-de","19":"pa_condizionamento-jungplanzen","20":"pa_condizionamento-m-de","21":"pa_famiglia-rosaceae-de","22":"pa_genere-prunus-de","23":"pa_origine-portugal-de","24":"pa_periodo-fioritura-juni","25":"pa_portamento-piramidale-de","26":"pa_profumo-intensiv","27":"pa_resistenza-climatica-sehr-hoch","28":"pa_resistenza-del-suolo-bestandig-gegen-kalkhaltige-boden","29":"pa_utilizzo-kleine-gaerten","30":"pa_utilizzo-parks-de","32":"first","33":"instock","34":"purchasable","35":"product-type-simple"},"acf":[],"_links":{"self":[{"href":"https:\/\/innocentiemangonipiante.it\/de\/wp-json\/wp\/v2\/product\/15468","targetHints":{"allow":["GET"]}}],"collection":[{"href":"https:\/\/innocentiemangonipiante.it\/de\/wp-json\/wp\/v2\/product"}],"about":[{"href":"https:\/\/innocentiemangonipiante.it\/de\/wp-json\/wp\/v2\/types\/product"}],"wp:featuredmedia":[{"embeddable":true,"href":"https:\/\/innocentiemangonipiante.it\/de\/wp-json\/wp\/v2\/media\/4926"}],"wp:attachment":[{"href":"https:\/\/innocentiemangonipiante.it\/de\/wp-json\/wp\/v2\/media?parent=15468"}],"wp:term":[{"taxonomy":"product_brand","embeddable":true,"href":"https:\/\/innocentiemangonipiante.it\/de\/wp-json\/wp\/v2\/product_brand?post=15468"},{"taxonomy":"product_cat","embeddable":true,"href":"https:\/\/innocentiemangonipiante.it\/de\/wp-json\/wp\/v2\/product_cat?post=15468"},{"taxonomy":"product_tag","embeddable":true,"href":"https:\/\/innocentiemangonipiante.it\/de\/wp-json\/wp\/v2\/product_tag?post=15468"}],"curies":[{"name":"wp","href":"https:\/\/api.w.org\/{rel}","templated":true}]}}