{"id":15469,"date":"2023-11-04T02:32:45","date_gmt":"2023-11-04T01:32:45","guid":{"rendered":"http:\/\/innocentiemangonipiante.it\/prunus-lusitanica\/"},"modified":"2023-11-06T19:40:36","modified_gmt":"2023-11-06T18:40:36","slug":"prunus-lusitanica","status":"publish","type":"product","link":"https:\/\/innocentiemangonipiante.it\/de\/prunus-lusitanica\/","title":{"rendered":"PRUNUS lusitanica"},"content":{"rendered":"<p>Immergr\u00fcner Strauch oder Baum, dichter und kompakter Erscheinung. Die elliptischen bis eif\u00f6rmigen, gl\u00e4nzenden und dunkelgr\u00fcnen Bl\u00e4tter werden bis zu 10 cm lang. Wei\u00dfe kelchf\u00f6rmige 1 cm breite Bl\u00fcten gruppieren sich Anfang Sommer in nach unten h\u00e4ngenden bis 20 cm lagen d\u00fcnnen Rispen.<\/p>\n","protected":false},"excerpt":{"rendered":"<p>Immergr\u00fcner Strauch oder Baum, dichter und kompakter Erscheinung. Die elliptischen bis eif\u00f6rmigen, gl\u00e4nzenden und dunkelgr\u00fcnen Bl\u00e4tter werden bis zu 10 cm lang. Wei\u00dfe kelchf\u00f6rmige 1 cm breite Bl\u00fcten gruppieren sich Anfang Sommer in nach unten h\u00e4ngenden bis 20 cm lagen d\u00fcnnen Rispen.<\/p>\n","protected":false},"featured_media":4920,"template":"","meta":{"_acf_changed":false},"product_brand":[],"product_cat":[8813],"product_tag":[10898,8736,8565,8401,8536,8705],"class_list":{"0":"post-15469","1":"product","2":"type-product","3":"status-publish","4":"has-post-thumbnail","6":"product_cat-laubbaume-und-straucher","7":"product_tag-naturlichen","8":"product_tag-fusstamm","9":"product_tag-halbstamm","10":"product_tag-hochstamm","11":"product_tag-kegel","12":"product_tag-kugel","13":"pa_altezza-massima-800-de","14":"pa_altezza-massima-12-meter","15":"pa_colore-fioritura-weis","16":"pa_condizionamento-clt-de","17":"pa_condizionamento-m-de","18":"pa_famiglia-rosaceae-de","19":"pa_genere-prunus-de","20":"pa_origine-portugal-de","21":"pa_periodo-fioritura-juni","22":"pa_periodo-fruttificazione-juli","23":"pa_portamento-saulenformig","24":"pa_profumo-intensiv","25":"pa_resistenza-climatica-mittel-hoch","26":"pa_resistenza-del-suolo-bestandig-gegen-kalkhaltige-boden","27":"pa_utilizzo-hecken","28":"pa_utilizzo-kleine-gaerten","29":"pa_utilizzo-parks-de","31":"first","32":"instock","33":"purchasable","34":"product-type-simple"},"acf":[],"_links":{"self":[{"href":"https:\/\/innocentiemangonipiante.it\/de\/wp-json\/wp\/v2\/product\/15469","targetHints":{"allow":["GET"]}}],"collection":[{"href":"https:\/\/innocentiemangonipiante.it\/de\/wp-json\/wp\/v2\/product"}],"about":[{"href":"https:\/\/innocentiemangonipiante.it\/de\/wp-json\/wp\/v2\/types\/product"}],"wp:featuredmedia":[{"embeddable":true,"href":"https:\/\/innocentiemangonipiante.it\/de\/wp-json\/wp\/v2\/media\/4920"}],"wp:attachment":[{"href":"https:\/\/innocentiemangonipiante.it\/de\/wp-json\/wp\/v2\/media?parent=15469"}],"wp:term":[{"taxonomy":"product_brand","embeddable":true,"href":"https:\/\/innocentiemangonipiante.it\/de\/wp-json\/wp\/v2\/product_brand?post=15469"},{"taxonomy":"product_cat","embeddable":true,"href":"https:\/\/innocentiemangonipiante.it\/de\/wp-json\/wp\/v2\/product_cat?post=15469"},{"taxonomy":"product_tag","embeddable":true,"href":"https:\/\/innocentiemangonipiante.it\/de\/wp-json\/wp\/v2\/product_tag?post=15469"}],"curies":[{"name":"wp","href":"https:\/\/api.w.org\/{rel}","templated":true}]}}