{"id":15470,"date":"2023-11-04T02:32:26","date_gmt":"2023-11-04T01:32:26","guid":{"rendered":"http:\/\/innocentiemangonipiante.it\/prunus-laurocerasus-rotundifolia\/"},"modified":"2023-11-06T19:40:27","modified_gmt":"2023-11-06T18:40:27","slug":"prunus-laurocerasus-rotundifolia","status":"publish","type":"product","link":"https:\/\/innocentiemangonipiante.it\/de\/prunus-laurocerasus-rotundifolia\/","title":{"rendered":"PRUNUS laurocerasus &#8218;Rotundifolia&#8216;"},"content":{"rendered":"<p>Immergr\u00fcner, kr\u00e4ftiger und aufrechter Strauch, der sich gut f\u00fcr Hecken eignet. Die wechselst\u00e4ndigen, elliptischen bis eif\u00f6rmigen 15 cm langen Bl\u00e4tter sind gl\u00e4nzend mittelgr\u00fcn. Die wei\u00dfen Bl\u00fcten sind von Mai bis Juni in senkrechten bis 12 cm langen Rispen gruppiert.<\/p>\n","protected":false},"excerpt":{"rendered":"<p>Immergr\u00fcner, kr\u00e4ftiger und aufrechter Strauch, der sich gut f\u00fcr Hecken eignet. Die wechselst\u00e4ndigen, elliptischen bis eif\u00f6rmigen 15 cm langen Bl\u00e4tter sind gl\u00e4nzend mittelgr\u00fcn. Die wei\u00dfen Bl\u00fcten sind von Mai bis Juni in senkrechten bis 12 cm langen Rispen gruppiert.<\/p>\n","protected":false},"featured_media":4914,"template":"","meta":{"_acf_changed":false},"product_brand":[],"product_cat":[8813],"product_tag":[10898,8401,8425],"class_list":{"0":"post-15470","1":"product","2":"type-product","3":"status-publish","4":"has-post-thumbnail","6":"product_cat-laubbaume-und-straucher","7":"product_tag-naturlichen","8":"product_tag-hochstamm","9":"product_tag-hochstamm-spalier","10":"pa_altezza-massima-400-de","11":"pa_altezza-massima-600-de","12":"pa_colore-fioritura-weis","13":"pa_condizionamento-clt-de","14":"pa_condizionamento-m-de","15":"pa_famiglia-rosaceae-de","16":"pa_genere-prunus-de","17":"pa_inquinamento-bestaendigkeit-gegen-smog","18":"pa_origine-frankreich","19":"pa_periodo-fioritura-juni","20":"pa_periodo-fioritura-mai-de","21":"pa_portamento-saulenformig","22":"pa_profumo-zart","23":"pa_resistenza-climatica-mittel-hoch","24":"pa_resistenza-del-suolo-bestandig-gegen-kalkhaltige-boden","25":"pa_salinita-bestaendigkeit-in-meeresluft","26":"pa_utilizzo-hecken","27":"pa_utilizzo-kleine-gaerten","29":"first","30":"instock","31":"purchasable","32":"product-type-simple"},"acf":[],"_links":{"self":[{"href":"https:\/\/innocentiemangonipiante.it\/de\/wp-json\/wp\/v2\/product\/15470","targetHints":{"allow":["GET"]}}],"collection":[{"href":"https:\/\/innocentiemangonipiante.it\/de\/wp-json\/wp\/v2\/product"}],"about":[{"href":"https:\/\/innocentiemangonipiante.it\/de\/wp-json\/wp\/v2\/types\/product"}],"wp:featuredmedia":[{"embeddable":true,"href":"https:\/\/innocentiemangonipiante.it\/de\/wp-json\/wp\/v2\/media\/4914"}],"wp:attachment":[{"href":"https:\/\/innocentiemangonipiante.it\/de\/wp-json\/wp\/v2\/media?parent=15470"}],"wp:term":[{"taxonomy":"product_brand","embeddable":true,"href":"https:\/\/innocentiemangonipiante.it\/de\/wp-json\/wp\/v2\/product_brand?post=15470"},{"taxonomy":"product_cat","embeddable":true,"href":"https:\/\/innocentiemangonipiante.it\/de\/wp-json\/wp\/v2\/product_cat?post=15470"},{"taxonomy":"product_tag","embeddable":true,"href":"https:\/\/innocentiemangonipiante.it\/de\/wp-json\/wp\/v2\/product_tag?post=15470"}],"curies":[{"name":"wp","href":"https:\/\/api.w.org\/{rel}","templated":true}]}}